{"id":9008,"date":"2021-02-05T09:43:51","date_gmt":"2021-02-05T08:43:51","guid":{"rendered":"https:\/\/shop.grunder-gourmet.de\/?post_type=product&#038;p=9008"},"modified":"2025-01-22T16:57:46","modified_gmt":"2025-01-22T15:57:46","slug":"buffet-spanien","status":"publish","type":"product","link":"https:\/\/shop.grunder-gourmet.de\/en_en\/product\/buffet-spanien\/","title":{"rendered":"Buffet &#8222;Spanien&#8220;"},"content":{"rendered":"","protected":false},"excerpt":{"rendered":"<h4>Ein Urlaub f\u00fcr den Gaumen<\/h4>\n<p>\u201eDie Sonne scheint bei Tag und Nacht\u2026\u201c Mit dem spanischen Buffet von Grunder Gourmet Party- und Eventcatering erleben Sie im Saarland eine kulinarische Reise auf die iberische Halbinsel! Unsere Paella l\u00e4sst Sie von kleinen Hafenst\u00e4dten tr\u00e4umen. Die gro\u00dfe Auswahl an kleinen spanischen Tapas Vorspeisen von maurische Fleischspie\u00dfchen bis zu klassischen Tortillas mit verschiedenen Dips lassen schnell ein mediterranes Flair aufkommen. Traditionelle Crema Catalana rundet Ihr Geschmackserlebnis ab und entf\u00fchrt Sie in die katalanischen Pyren\u00e4en. Ganz nach dem Motto: \u201eViva Espana und Ol\u00e9!\u201c.<\/p>\n<p><strong>TAPASVARIATION:\u00a0<\/strong>Maurische Fleischspie\u00dfchen | Mariniertes Gem\u00fcse und verschieden eingelegte Oliven | Serranoschinken mit Melone und Chorizzo-Salami |\u00a0 Feurige H\u00e4hnchenfl\u00fcgel mit gegrillten Maiskolben-Scheiben | Carpaccio von Salm und\u00a0Thunfisch auf Limonen-Vinaigrette | Mini-Wraps, gef\u00fcllt mit H\u00fchnchen und Gem\u00fcse |\u00a0 Oliven mit Sardellen umwickelt | Kleine Knoblauchgarnelen | Tintenfischringe mit Sauce Garlic | Tortilla-St\u00fcckchen mit verschiedenen Bel\u00e4gen<\/p>\n<p><strong>DIPSAUCEN:\u00a0<\/strong>Dazu servieren wir verschiedene leckere Dipsaucen<\/p>\n<p><strong>SALATE:\u00a0<\/strong>Bunter Bohnensalat | Hirtensalat mit Schafsk\u00e4se | Thunfischsalat |\u00a0Frischer Tomatensalat | Mediterraner Nudelsalat | Gefl\u00fcgelsalat | Rohkost-Platte |\u00a0 Blattsalat der Saison<\/p>\n<p><strong>WARME GERICHTE:\u00a0<\/strong>\u201ePaella-Valencia\u201c mit reichlich Fisch und Gefl\u00fcgel |\u00a0Schweineschulter mit bunter Paprika \u2013 dazu \u201erunzelige\u201c Kartoffeln |\u00a0Kr\u00e4uterh\u00e4hnchenbrust auf Zwiebel- Schinkenbrett \u2013 dazu Knoblauch-Chili-Nudeln Dazu servieren wir frisches mediterranes Gem\u00fcse<\/p>\n<p><strong>BUNTER BROTKORB:\u00a0<\/strong>Brotkorb mit verschiedenen Sorten Partybr\u00f6tchen und Fladenbrot<\/p>\n<p><strong>DESSERT:\u00a0<\/strong>Orangenflammerie mit Rotweinbirne im Gl\u00e4schen |\u00a0Crema Catalana [Katalanische und spanische Dessertspezialit\u00e4t] |\u00a0 K\u00e4sebrett mit verschiedenen Sorten, dazu Obst garniert<\/p>\n<p>&nbsp;<\/p>\n<p>Bei abweichenden Personenzahlen nach unten \u2013 bitten wir Sie unser Kontaktformular zu verwenden und daf\u00fcr eine individuelle Anfrage zu stellen.<\/p>\n","protected":false},"featured_media":8387,"template":"","meta":{"site-sidebar-layout":"default","site-content-layout":"default","ast-site-content-layout":"null","site-content-style":"null","site-sidebar-style":"null","ast-global-header-display":"","ast-banner-title-visibility":"","ast-main-header-display":"","ast-hfb-above-header-display":"","ast-hfb-below-header-display":"","ast-hfb-mobile-header-display":"","site-post-title":"","ast-breadcrumbs-content":"","ast-featured-img":"","footer-sml-layout":"","ast-disable-related-posts":"","theme-transparent-header-meta":"default","adv-header-id-meta":"","stick-header-meta":"default","header-above-stick-meta":"","header-main-stick-meta":"","header-below-stick-meta":"","astra-migrate-meta-layouts":"default","ast-page-background-enabled":"default","ast-page-background-meta":{"desktop":{"background-color":"","background-image":"","background-repeat":"repeat","background-position":"center center","background-size":"auto","background-attachment":"scroll","background-type":"","background-media":"","overlay-type":"","overlay-color":"","overlay-opacity":"","overlay-gradient":""},"tablet":{"background-color":"","background-image":"","background-repeat":"repeat","background-position":"center center","background-size":"auto","background-attachment":"scroll","background-type":"","background-media":"","overlay-type":"","overlay-color":"","overlay-opacity":"","overlay-gradient":""},"mobile":{"background-color":"","background-image":"","background-repeat":"repeat","background-position":"center center","background-size":"auto","background-attachment":"scroll","background-type":"","background-media":"","overlay-type":"","overlay-color":"","overlay-opacity":"","overlay-gradient":""}},"ast-content-background-meta":{"desktop":{"background-color":"var(--ast-global-color-5)","background-image":"","background-repeat":"repeat","background-position":"center center","background-size":"auto","background-attachment":"scroll","background-type":"","background-media":"","overlay-type":"","overlay-color":"","overlay-opacity":"","overlay-gradient":""},"tablet":{"background-color":"var(--ast-global-color-5)","background-image":"","background-repeat":"repeat","background-position":"center center","background-size":"auto","background-attachment":"scroll","background-type":"","background-media":"","overlay-type":"","overlay-color":"","overlay-opacity":"","overlay-gradient":""},"mobile":{"background-color":"var(--ast-global-color-5)","background-image":"","background-repeat":"repeat","background-position":"center center","background-size":"auto","background-attachment":"scroll","background-type":"","background-media":"","overlay-type":"","overlay-color":"","overlay-opacity":"","overlay-gradient":""}}},"product_brand":[],"product_cat":[51],"product_tag":[],"class_list":{"0":"post-9008","1":"product","2":"type-product","3":"status-publish","4":"has-post-thumbnail","6":"product_cat-katalog-buffets","7":"product_shipping_class-inklusive","8":"desktop-align-left","9":"tablet-align-left","10":"mobile-align-left","11":"ast-product-gallery-layout-horizontal-slider","12":"ast-product-gallery-with-no-image","13":"ast-magnify-disabled","14":"ast-product-single-variable","15":"ast-product-tabs-layout-horizontal","17":"first","18":"instock","19":"taxable","20":"shipping-taxable","21":"purchasable","22":"product-type-variable","23":"has-default-attributes"},"wcpa_form_fields":null,"_links":{"self":[{"href":"https:\/\/shop.grunder-gourmet.de\/en_en\/wp-json\/wp\/v2\/product\/9008","targetHints":{"allow":["GET"]}}],"collection":[{"href":"https:\/\/shop.grunder-gourmet.de\/en_en\/wp-json\/wp\/v2\/product"}],"about":[{"href":"https:\/\/shop.grunder-gourmet.de\/en_en\/wp-json\/wp\/v2\/types\/product"}],"version-history":[{"count":1,"href":"https:\/\/shop.grunder-gourmet.de\/en_en\/wp-json\/wp\/v2\/product\/9008\/revisions"}],"predecessor-version":[{"id":9009,"href":"https:\/\/shop.grunder-gourmet.de\/en_en\/wp-json\/wp\/v2\/product\/9008\/revisions\/9009"}],"wp:featuredmedia":[{"embeddable":true,"href":"https:\/\/shop.grunder-gourmet.de\/en_en\/wp-json\/wp\/v2\/media\/8387"}],"wp:attachment":[{"href":"https:\/\/shop.grunder-gourmet.de\/en_en\/wp-json\/wp\/v2\/media?parent=9008"}],"wp:term":[{"taxonomy":"product_brand","embeddable":true,"href":"https:\/\/shop.grunder-gourmet.de\/en_en\/wp-json\/wp\/v2\/product_brand?post=9008"},{"taxonomy":"product_cat","embeddable":true,"href":"https:\/\/shop.grunder-gourmet.de\/en_en\/wp-json\/wp\/v2\/product_cat?post=9008"},{"taxonomy":"product_tag","embeddable":true,"href":"https:\/\/shop.grunder-gourmet.de\/en_en\/wp-json\/wp\/v2\/product_tag?post=9008"}],"curies":[{"name":"wp","href":"https:\/\/api.w.org\/{rel}","templated":true}]}}