{"id":9012,"date":"2021-02-05T09:53:04","date_gmt":"2021-02-05T08:53:04","guid":{"rendered":"https:\/\/shop.grunder-gourmet.de\/?post_type=product&#038;p=9012"},"modified":"2025-01-27T12:15:44","modified_gmt":"2025-01-27T11:15:44","slug":"buffet-sizilien","status":"publish","type":"product","link":"https:\/\/shop.grunder-gourmet.de\/en_en\/product\/buffet-sizilien\/","title":{"rendered":"Italian buffet"},"content":{"rendered":"","protected":false},"excerpt":{"rendered":"<h4>Lecker italienisch<\/h4>\n<p>Mittelmeergenuss direkt zu Ihnen ins Esszimmer! Mit dem Buffet Sizilien von Grunder Gourmet Party- und Eventcatering erhalten Sie ein mediterranes Catering und holen sich ein St\u00fcck Italien ins Saarland oder in die Pfalz. Verw\u00f6hnen Sie ihre G\u00e4ste mit italienischen Delikatessen, Vitello tonnato, Antipasti misto und Lasagne. Die ideale Gaumenfreude f\u00fcr alle Mittelmeerliebhaber und Sonnenkinder!<\/p>\n<p>VORSPEISEN: Antipastivariation mit eingelegten Oliven, getrockneten Tomaten,<br \/>\nPeperoni, Aubergine, Zucchini | Vitello tonnato [Kalbsfleisch mit Thunfischsauce<br \/>\nund Kr\u00e4utern] | Antipasti misto [u.a. mit Parmaschinken, Mortadella, Mail\u00e4nder Salami,<br \/>\nCoppa di Parma, Bresaola] | Kleine Knoblauchgarnelen | Fischauswahl mit Sardellen<br \/>\nund Lachs | Carpaccio di Pesce [Lachs und Schwertfisch] | Insalata Caprese [Tomaten,<br \/>\nMozzarella, Rucola, Basilikum] | Mail\u00e4nder Kartoffelsalat | Pastasalat |<br \/>\nGemischter italienischer Salat mit Schinken und K\u00e4se<\/p>\n<p>DIPS UND BACKWAREN: Sauce Aioli | Tomatenbutter | Basilikum-Pesto |<br \/>\nSahne-Meerrettich | Oliven-Ciabatta | Foccacia &amp; Partybr\u00f6tchen<\/p>\n<p>HAUPTGERICHTE<br \/>\nBitte w\u00e4hlen Sie zwei Hauptgerichte:<br \/>\n1. Gebratenes Filet vom Wolfsbarsch<br \/>\nTomaten-Fenchel-Gem\u00fcse, Rosmarinkartoffeln<br \/>\n\u2013 oder \u2013 2. Hochrippe vom Weiderind<br \/>\nmit Risotto von feinen Graupen und Waldpilzen und mediterranem Gem\u00fcse<br \/>\n\u2013 oder \u2013 3. Frische Pasta mit gebratener Salsiccia<br \/>\nTomatensugo, Paprika und frischem Parmesan<\/p>\n<p>DESSERT IM GL\u00c4SCHEN: Rosmarin Panna Cotta | Beeren-Joghurt-Tiramisu |<br \/>\nMediterrane K\u00e4seauswahl mit Obst<\/p>\n<p>Bei abweichenden Personenzahlen nach unten \u2013 bitten wir Sie unser Kontaktformular zu verwenden und daf\u00fcr eine individuelle Anfrage zu stellen.<\/p>\n","protected":false},"featured_media":8392,"template":"","meta":{"site-sidebar-layout":"default","site-content-layout":"default","ast-site-content-layout":"null","site-content-style":"null","site-sidebar-style":"null","ast-global-header-display":"","ast-banner-title-visibility":"","ast-main-header-display":"","ast-hfb-above-header-display":"","ast-hfb-below-header-display":"","ast-hfb-mobile-header-display":"","site-post-title":"","ast-breadcrumbs-content":"","ast-featured-img":"","footer-sml-layout":"","ast-disable-related-posts":"","theme-transparent-header-meta":"default","adv-header-id-meta":"","stick-header-meta":"default","header-above-stick-meta":"","header-main-stick-meta":"","header-below-stick-meta":"","astra-migrate-meta-layouts":"default","ast-page-background-enabled":"default","ast-page-background-meta":{"desktop":{"background-color":"","background-image":"","background-repeat":"repeat","background-position":"center center","background-size":"auto","background-attachment":"scroll","background-type":"","background-media":"","overlay-type":"","overlay-color":"","overlay-opacity":"","overlay-gradient":""},"tablet":{"background-color":"","background-image":"","background-repeat":"repeat","background-position":"center center","background-size":"auto","background-attachment":"scroll","background-type":"","background-media":"","overlay-type":"","overlay-color":"","overlay-opacity":"","overlay-gradient":""},"mobile":{"background-color":"","background-image":"","background-repeat":"repeat","background-position":"center center","background-size":"auto","background-attachment":"scroll","background-type":"","background-media":"","overlay-type":"","overlay-color":"","overlay-opacity":"","overlay-gradient":""}},"ast-content-background-meta":{"desktop":{"background-color":"var(--ast-global-color-5)","background-image":"","background-repeat":"repeat","background-position":"center center","background-size":"auto","background-attachment":"scroll","background-type":"","background-media":"","overlay-type":"","overlay-color":"","overlay-opacity":"","overlay-gradient":""},"tablet":{"background-color":"var(--ast-global-color-5)","background-image":"","background-repeat":"repeat","background-position":"center center","background-size":"auto","background-attachment":"scroll","background-type":"","background-media":"","overlay-type":"","overlay-color":"","overlay-opacity":"","overlay-gradient":""},"mobile":{"background-color":"var(--ast-global-color-5)","background-image":"","background-repeat":"repeat","background-position":"center center","background-size":"auto","background-attachment":"scroll","background-type":"","background-media":"","overlay-type":"","overlay-color":"","overlay-opacity":"","overlay-gradient":""}}},"product_brand":[],"product_cat":[51],"product_tag":[],"class_list":{"0":"post-9012","1":"product","2":"type-product","3":"status-publish","4":"has-post-thumbnail","6":"product_cat-katalog-buffets","7":"product_shipping_class-inklusive","8":"wcpa_has_options","9":"desktop-align-left","10":"tablet-align-left","11":"mobile-align-left","12":"ast-product-gallery-layout-horizontal-slider","13":"ast-product-gallery-with-no-image","14":"ast-magnify-disabled","15":"ast-product-single-variable","16":"ast-product-tabs-layout-horizontal","18":"first","19":"instock","20":"taxable","21":"shipping-taxable","22":"purchasable","23":"product-type-variable","24":"has-default-attributes"},"wcpa_form_fields":{"rules":{"pric_overide_base_price":false,"pric_overide_base_price_if_gt_zero":false,"pric_overide_base_price_fully":false,"pric_cal_option_once":false,"pric_use_as_fee":true,"bind_quantity":false,"quantity_bind_formula":false},"fields":[{"type":"checkbox-group","elementId":"wcpa-checkbox-group-1737976173858","label":"W\u00e4hlen Sie 2 Hautgerichte","priceOptions":"different_for_all","pricingType":"fixed","name":"checkbox-group-1737976173858","min_options":"2","max_options":"2","other_text":"Other","cl_rule":"show","minFieldsError":"W\u00e4hlen Sie 2 Hauptgerichte","maxFieldsError":"W\u00e4hlen Sie maximal 2 Hauptgerichte ","col":6,"values":[{"label":"Gebratenes Filet vom Wolfsbarsch Tomaten-Fenchel-Gem\u00fcse, Rosmarinkartoffeln","value":"Gebratenes Filet vom Wolfsbarsch Tomaten-Fenchel-Gem\u00fcse, Rosmarinkartoffeln","price":"","pimage":"","pimage_id":"","pthumb":""},{"label":" Hochrippe vom Weiderind mit Risotto von feinen Graupen und Waldpilzen und mediterranem Gem\u00fcse","value":" Hochrippe vom Weiderind mit Risotto von feinen Graupen und Waldpilzen und mediterranem Gem\u00fcse","price":"","pimage":"","pimage_id":"","pthumb":""},{"label":"Frische Pasta mit gebratener Salsiccia Tomatensugo, Paprika und frischem Parmesan","value":"Frische Pasta mit gebratener Salsiccia Tomatensugo, Paprika und frischem Parmesan","price":"","pimage":"","pimage_id":"","pthumb":""}],"relations":false,"form_id":9191,"form_rules":{"pric_cal_option_once":false,"exclude_from_discount":false,"pric_use_as_fee":false,"fee_label":"Geb\u00fchr","render_after_acb":false,"disp_hide_options_price":false}},{"type":"datetime-local","required":true,"elementId":"wcpa-datetime-local-601d1bfd16731","label":"Liefertermin mit Wunschzeit","placeholder":"W\u00e4hlen Sie Ihren Wunschtermin!","pricingType":"fixed","name":"datetime-local-601d1bfd16735","min_date":"None","max_date":"None","date_pic_conf":"{\n\"formatDate\":\"Y-m-d\",\n\"minDate\":\"+1970-01-05\",\n\"startDate\":\"+1970-01-05\",\n\"disabledDates\":[\"2023-04-16\",\"2023-04-23\",\"2023-12-26\",\"2023-12-24\",\"2023-12-25\"]\n}","enableCl":true,"cl_rule":"hide","operator":"and","col":6,"relations":[{"operator":false,"rules":[{"operator":"and","rules":{"cl_field":"wcpa-datetime-local-601d1bfd16731","cl_relation":"date_is","cl_val":""}},{"operator":"and","rules":{"cl_field":"wcpa-datetime-local-601d1bfd16731","cl_relation":"date_is","cl_val":""}},{"operator":false,"rules":{"cl_field":"wcpa-datetime-local-601d1bfd16731","cl_relation":"date_is","cl_val":""}}]}],"form_id":2838,"form_rules":{"pric_cal_option_once":false,"exclude_from_discount":false,"pric_use_as_fee":false,"fee_label":"Geb\u00fchr","render_after_acb":false,"disp_hide_options_price":false}},{"type":"checkbox-group","required":true,"elementId":"wcpa-checkbox-group-601a7d3d6fe20","label":"R\u00fcckgabe und Reinigung","description":"W\u00e4hlen Sie!","enablePrice":true,"priceOptions":"different_for_all","pricingType":"fixed","use_as_fee":true,"name":"checkbox-group-601a7d3d6fe24","other_text":"Other","enableCl":true,"cl_rule":"hide","cl_val":"60","col":6,"values":[{"label":"Leergut abholen","value":"Leergut abholen","price":"30","pimage":"","pimage_id":"","pthumb":""},{"label":"Leergut sp\u00fclen","value":"Leergut sp\u00fclen","price":"25","pimage":"","pimage_id":"","pthumb":""}],"relations":[{"operator":false,"rules":[{"operator":false,"rules":{"cl_field":"attribute","cl_relation":"pa_service","cl_val":"ohne-service"}}]}],"price":0,"form_id":2527,"form_rules":{"pric_cal_option_once":false,"exclude_from_discount":false,"pric_use_as_fee":false,"fee_label":"Geb\u00fchr","render_after_acb":false,"disp_hide_options_price":false}}]},"_links":{"self":[{"href":"https:\/\/shop.grunder-gourmet.de\/en_en\/wp-json\/wp\/v2\/product\/9012","targetHints":{"allow":["GET"]}}],"collection":[{"href":"https:\/\/shop.grunder-gourmet.de\/en_en\/wp-json\/wp\/v2\/product"}],"about":[{"href":"https:\/\/shop.grunder-gourmet.de\/en_en\/wp-json\/wp\/v2\/types\/product"}],"version-history":[{"count":1,"href":"https:\/\/shop.grunder-gourmet.de\/en_en\/wp-json\/wp\/v2\/product\/9012\/revisions"}],"predecessor-version":[{"id":9013,"href":"https:\/\/shop.grunder-gourmet.de\/en_en\/wp-json\/wp\/v2\/product\/9012\/revisions\/9013"}],"wp:featuredmedia":[{"embeddable":true,"href":"https:\/\/shop.grunder-gourmet.de\/en_en\/wp-json\/wp\/v2\/media\/8392"}],"wp:attachment":[{"href":"https:\/\/shop.grunder-gourmet.de\/en_en\/wp-json\/wp\/v2\/media?parent=9012"}],"wp:term":[{"taxonomy":"product_brand","embeddable":true,"href":"https:\/\/shop.grunder-gourmet.de\/en_en\/wp-json\/wp\/v2\/product_brand?post=9012"},{"taxonomy":"product_cat","embeddable":true,"href":"https:\/\/shop.grunder-gourmet.de\/en_en\/wp-json\/wp\/v2\/product_cat?post=9012"},{"taxonomy":"product_tag","embeddable":true,"href":"https:\/\/shop.grunder-gourmet.de\/en_en\/wp-json\/wp\/v2\/product_tag?post=9012"}],"curies":[{"name":"wp","href":"https:\/\/api.w.org\/{rel}","templated":true}]}}