{"id":9026,"date":"2021-02-10T09:52:49","date_gmt":"2021-02-10T08:52:49","guid":{"rendered":"https:\/\/shop.grunder-gourmet.de\/?post_type=product&#038;p=9026"},"modified":"2025-01-27T15:39:38","modified_gmt":"2025-01-27T14:39:38","slug":"kaltes-buffet-regional","status":"publish","type":"product","link":"https:\/\/shop.grunder-gourmet.de\/en_en\/product\/kaltes-buffet-regional\/","title":{"rendered":"Kaltes Buffet &#8222;Regional&#8220;"},"content":{"rendered":"","protected":false},"excerpt":{"rendered":"<h4>Frisch, lecker, regional<\/h4>\n<p>Frisch, lecker, regional &#8211; mit dem Kalten Buffet Regional der Firma Grunder Gourmet Partyservice und Eventcatering bringen Sie ein St\u00fcck Saarland auf den Teller Ihrer G\u00e4ste. Das Catering besteht aus regionalen Produkten des Bliesgaus und eignet sich sowohl f\u00fcr die Feier Zuhause als auch den Empfang ausw\u00e4rts.<\/p>\n<p><strong>GEFL\u00dcGELVARIATIONEN:\u00a0<\/strong>H\u00e4hnchenbrust mit Buttermandeln |\u00a0Gef\u00fcllter Putenbraten mit Kr\u00e4uter-Gefl\u00fcgel-F\u00fcllung |\u00a0Kleine H\u00e4hnchenschenkel mit Frischk\u00e4se-Paprika-Gefl\u00fcgel-F\u00fcllung |\u00a0 Gefl\u00fcgelb\u00e4llchen mit Aprikosenst\u00fcckchen<\/p>\n<p><strong>BRATENVARIATION:\u00a0<\/strong>Rosa gegrillter Schweiner\u00fccken mit Gurken und Paprika garniert |\u00a0Kleine herzhaft panierte Schweiner\u00fcckensteaks |\u00a0 Zwiebelbraten mit Kr\u00e4utern und Zwiebeln gef\u00fcllt |\u00a0 Mini-Hackb\u00e4llchen | Roastbeef [medium gebraten]<\/p>\n<p><strong>BUNTE SCHINKENPLATTE:\u00a0<\/strong>Wacholderschinken | Rohesser |\u00a0Parmaschinken mit\u00a0 Melonenspalten | Kochschinkenr\u00f6llchen mit Spargel |\u00a0 Mail\u00e4nder Salami | Pfeffersalami<\/p>\n<p><strong>SALATE:\u00a0<\/strong>Speckkartoffelsalat | Nudelsalat | Krautsalat | Gurkensalat | Farmersalat<\/p>\n<p><strong>BUTTER &amp; DIPSAUCEN:\u00a0<\/strong>Dazu servieren wir Butter und verschiedene leckere Dipsaucen<\/p>\n<p><strong>BUNTER BROTKORB:\u00a0<\/strong>Brotkorb mit verschiedenen Sorten Partybr\u00f6tchen<\/p>\n<p><strong>DESSERT:\u00a0<\/strong>Bayrisch Cr\u00e8me mit Himbeersauce |\u00a0Bunte K\u00e4seplatte, mit reichlich Obst garniert<\/p>\n<p>&nbsp;<\/p>\n<p>Bei abweichenden Personenzahlen nach unten \u2013 bitten wir Sie unser Kontaktformular zu verwenden und daf\u00fcr eine individuelle Anfrage zu stellen.<\/p>\n","protected":false},"featured_media":8419,"template":"","meta":{"site-sidebar-layout":"default","site-content-layout":"default","ast-site-content-layout":"null","site-content-style":"null","site-sidebar-style":"null","ast-global-header-display":"","ast-banner-title-visibility":"","ast-main-header-display":"","ast-hfb-above-header-display":"","ast-hfb-below-header-display":"","ast-hfb-mobile-header-display":"","site-post-title":"","ast-breadcrumbs-content":"","ast-featured-img":"","footer-sml-layout":"","ast-disable-related-posts":"","theme-transparent-header-meta":"default","adv-header-id-meta":"","stick-header-meta":"default","header-above-stick-meta":"","header-main-stick-meta":"","header-below-stick-meta":"","astra-migrate-meta-layouts":"default","ast-page-background-enabled":"default","ast-page-background-meta":{"desktop":{"background-color":"","background-image":"","background-repeat":"repeat","background-position":"center center","background-size":"auto","background-attachment":"scroll","background-type":"","background-media":"","overlay-type":"","overlay-color":"","overlay-opacity":"","overlay-gradient":""},"tablet":{"background-color":"","background-image":"","background-repeat":"repeat","background-position":"center center","background-size":"auto","background-attachment":"scroll","background-type":"","background-media":"","overlay-type":"","overlay-color":"","overlay-opacity":"","overlay-gradient":""},"mobile":{"background-color":"","background-image":"","background-repeat":"repeat","background-position":"center center","background-size":"auto","background-attachment":"scroll","background-type":"","background-media":"","overlay-type":"","overlay-color":"","overlay-opacity":"","overlay-gradient":""}},"ast-content-background-meta":{"desktop":{"background-color":"var(--ast-global-color-5)","background-image":"","background-repeat":"repeat","background-position":"center center","background-size":"auto","background-attachment":"scroll","background-type":"","background-media":"","overlay-type":"","overlay-color":"","overlay-opacity":"","overlay-gradient":""},"tablet":{"background-color":"var(--ast-global-color-5)","background-image":"","background-repeat":"repeat","background-position":"center center","background-size":"auto","background-attachment":"scroll","background-type":"","background-media":"","overlay-type":"","overlay-color":"","overlay-opacity":"","overlay-gradient":""},"mobile":{"background-color":"var(--ast-global-color-5)","background-image":"","background-repeat":"repeat","background-position":"center center","background-size":"auto","background-attachment":"scroll","background-type":"","background-media":"","overlay-type":"","overlay-color":"","overlay-opacity":"","overlay-gradient":""}}},"product_brand":[],"product_cat":[51],"product_tag":[],"class_list":{"0":"post-9026","1":"product","2":"type-product","3":"status-publish","4":"has-post-thumbnail","6":"product_cat-katalog-buffets","7":"product_shipping_class-inklusive","8":"wcpa_has_options","9":"desktop-align-left","10":"tablet-align-left","11":"mobile-align-left","12":"ast-product-gallery-layout-horizontal-slider","13":"ast-product-gallery-with-no-image","14":"ast-magnify-disabled","15":"ast-product-single-variable","16":"ast-product-tabs-layout-horizontal","18":"first","19":"instock","20":"taxable","21":"shipping-taxable","22":"purchasable","23":"product-type-variable","24":"has-default-attributes"},"wcpa_form_fields":{"rules":{"pric_overide_base_price":false,"pric_overide_base_price_if_gt_zero":false,"pric_overide_base_price_fully":false,"pric_cal_option_once":false,"pric_use_as_fee":true,"bind_quantity":false,"quantity_bind_formula":false},"fields":[{"type":"datetime-local","required":true,"elementId":"wcpa-datetime-local-601d1bfd16731","label":"Liefertermin mit Wunschzeit","placeholder":"W\u00e4hlen Sie Ihren Wunschtermin!","pricingType":"fixed","name":"datetime-local-601d1bfd16735","min_date":"None","max_date":"None","date_pic_conf":"{\n\"formatDate\":\"Y-m-d\",\n\"minDate\":\"+1970-01-05\",\n\"startDate\":\"+1970-01-05\",\n\"disabledDates\":[\"2023-04-16\",\"2023-04-23\",\"2023-12-26\",\"2023-12-24\",\"2023-12-25\"]\n}","enableCl":true,"cl_rule":"hide","operator":"and","col":6,"relations":[{"operator":false,"rules":[{"operator":"and","rules":{"cl_field":"wcpa-datetime-local-601d1bfd16731","cl_relation":"date_is","cl_val":""}},{"operator":"and","rules":{"cl_field":"wcpa-datetime-local-601d1bfd16731","cl_relation":"date_is","cl_val":""}},{"operator":false,"rules":{"cl_field":"wcpa-datetime-local-601d1bfd16731","cl_relation":"date_is","cl_val":""}}]}],"form_id":2838,"form_rules":{"pric_cal_option_once":false,"exclude_from_discount":false,"pric_use_as_fee":false,"fee_label":"Geb\u00fchr","render_after_acb":false,"disp_hide_options_price":false}},{"type":"checkbox-group","required":true,"elementId":"wcpa-checkbox-group-601a7d3d6fe20","label":"R\u00fcckgabe und Reinigung","description":"W\u00e4hlen Sie!","enablePrice":true,"priceOptions":"different_for_all","pricingType":"fixed","use_as_fee":true,"name":"checkbox-group-601a7d3d6fe24","other_text":"Other","enableCl":true,"cl_rule":"hide","cl_val":"60","col":6,"values":[{"label":"Leergut abholen","value":"Leergut abholen","price":"30","pimage":"","pimage_id":"","pthumb":""},{"label":"Leergut sp\u00fclen","value":"Leergut sp\u00fclen","price":"25","pimage":"","pimage_id":"","pthumb":""}],"relations":[{"operator":false,"rules":[{"operator":false,"rules":{"cl_field":"attribute","cl_relation":"pa_service","cl_val":"ohne-service"}}]}],"price":0,"form_id":2527,"form_rules":{"pric_cal_option_once":false,"exclude_from_discount":false,"pric_use_as_fee":false,"fee_label":"Geb\u00fchr","render_after_acb":false,"disp_hide_options_price":false}}]},"_links":{"self":[{"href":"https:\/\/shop.grunder-gourmet.de\/en_en\/wp-json\/wp\/v2\/product\/9026","targetHints":{"allow":["GET"]}}],"collection":[{"href":"https:\/\/shop.grunder-gourmet.de\/en_en\/wp-json\/wp\/v2\/product"}],"about":[{"href":"https:\/\/shop.grunder-gourmet.de\/en_en\/wp-json\/wp\/v2\/types\/product"}],"version-history":[{"count":1,"href":"https:\/\/shop.grunder-gourmet.de\/en_en\/wp-json\/wp\/v2\/product\/9026\/revisions"}],"predecessor-version":[{"id":9027,"href":"https:\/\/shop.grunder-gourmet.de\/en_en\/wp-json\/wp\/v2\/product\/9026\/revisions\/9027"}],"wp:featuredmedia":[{"embeddable":true,"href":"https:\/\/shop.grunder-gourmet.de\/en_en\/wp-json\/wp\/v2\/media\/8419"}],"wp:attachment":[{"href":"https:\/\/shop.grunder-gourmet.de\/en_en\/wp-json\/wp\/v2\/media?parent=9026"}],"wp:term":[{"taxonomy":"product_brand","embeddable":true,"href":"https:\/\/shop.grunder-gourmet.de\/en_en\/wp-json\/wp\/v2\/product_brand?post=9026"},{"taxonomy":"product_cat","embeddable":true,"href":"https:\/\/shop.grunder-gourmet.de\/en_en\/wp-json\/wp\/v2\/product_cat?post=9026"},{"taxonomy":"product_tag","embeddable":true,"href":"https:\/\/shop.grunder-gourmet.de\/en_en\/wp-json\/wp\/v2\/product_tag?post=9026"}],"curies":[{"name":"wp","href":"https:\/\/api.w.org\/{rel}","templated":true}]}}