{"id":9038,"date":"2021-02-10T10:59:32","date_gmt":"2021-02-10T09:59:32","guid":{"rendered":"https:\/\/shop.grunder-gourmet.de\/?post_type=product&#038;p=9038"},"modified":"2025-01-27T11:59:24","modified_gmt":"2025-01-27T10:59:24","slug":"vegetarisch-lecker","status":"publish","type":"product","link":"https:\/\/shop.grunder-gourmet.de\/en_en\/product\/vegetarisch-lecker\/","title":{"rendered":"Vegetarian buffet"},"content":{"rendered":"","protected":false},"excerpt":{"rendered":"<h4>Meatless delicacies for light enjoyment<\/h4>\n<p>PRESERVATIONS:<br \/>\nMountain cheese and leek cakes with parsley sour cream | Grain bread with beetroot cream,<br \/>\nMango and cheese | Vegetable muffins with courgette, broccoli and pine nuts | Aubergine rolls<br \/>\nwith braised cherry tomatoes | Vegetable lentils with lime and sunflower seeds<br \/>\nPesto | Deep-fried avocado slices with herb quark | Tartelette with cherry tomatoes<br \/>\nand rocket salad | Olive quiche with tomatoes | Roasted polenta slices with roasted<br \/>\nPaprika | Homemade vegetable spring rolls with sweet and sour sauce<br \/>\nSALADS: Pasta salad with basil pesto | Herb salad with oven vegetables and<br \/>\nYoghurt sauce | Pumpkin and parsnip salad with tahini dressing and cranberry brittle |<br \/>\nGreen spelt salad with fennel and barberries | Wild herb salad with cream cheese nut balls<br \/>\n| Rocket and tomato salad<br \/>\nAvocado salad with sweet balsamic dressing<br \/>\nserved with fresh baguette<br \/>\nMAIN COURTS<br \/>\nPlease choose two main courses:<br \/>\n1. kohlrabi schnitzel with chervil polenta<br \/>\n- or - 2. fresh wild mushroom ravioli<br \/>\ntossed in herb butter, served with grated Parmesan cheese<br \/>\n- or - 3. chilli con couscous<br \/>\n- or - 4. penne in sweet potato and tomato sauce<br \/>\nwith feta cheese and coriander<br \/>\nDESSERT: Raspberry tiramisu | Fresh fruit salad with mint |<br \/>\nColourful cheese platter garnished with plenty of fruit<\/p>\n<p>If the number of persons differs below - please use our contact form and make an individual enquiry.<\/p>","protected":false},"featured_media":8433,"template":"","meta":{"site-sidebar-layout":"default","site-content-layout":"default","ast-site-content-layout":"null","site-content-style":"null","site-sidebar-style":"null","ast-global-header-display":"","ast-banner-title-visibility":"","ast-main-header-display":"","ast-hfb-above-header-display":"","ast-hfb-below-header-display":"","ast-hfb-mobile-header-display":"","site-post-title":"","ast-breadcrumbs-content":"","ast-featured-img":"","footer-sml-layout":"","ast-disable-related-posts":"","theme-transparent-header-meta":"default","adv-header-id-meta":"","stick-header-meta":"default","header-above-stick-meta":"","header-main-stick-meta":"","header-below-stick-meta":"","astra-migrate-meta-layouts":"default","ast-page-background-enabled":"default","ast-page-background-meta":{"desktop":{"background-color":"","background-image":"","background-repeat":"repeat","background-position":"center center","background-size":"auto","background-attachment":"scroll","background-type":"","background-media":"","overlay-type":"","overlay-color":"","overlay-opacity":"","overlay-gradient":""},"tablet":{"background-color":"","background-image":"","background-repeat":"repeat","background-position":"center center","background-size":"auto","background-attachment":"scroll","background-type":"","background-media":"","overlay-type":"","overlay-color":"","overlay-opacity":"","overlay-gradient":""},"mobile":{"background-color":"","background-image":"","background-repeat":"repeat","background-position":"center center","background-size":"auto","background-attachment":"scroll","background-type":"","background-media":"","overlay-type":"","overlay-color":"","overlay-opacity":"","overlay-gradient":""}},"ast-content-background-meta":{"desktop":{"background-color":"var(--ast-global-color-5)","background-image":"","background-repeat":"repeat","background-position":"center center","background-size":"auto","background-attachment":"scroll","background-type":"","background-media":"","overlay-type":"","overlay-color":"","overlay-opacity":"","overlay-gradient":""},"tablet":{"background-color":"var(--ast-global-color-5)","background-image":"","background-repeat":"repeat","background-position":"center center","background-size":"auto","background-attachment":"scroll","background-type":"","background-media":"","overlay-type":"","overlay-color":"","overlay-opacity":"","overlay-gradient":""},"mobile":{"background-color":"var(--ast-global-color-5)","background-image":"","background-repeat":"repeat","background-position":"center center","background-size":"auto","background-attachment":"scroll","background-type":"","background-media":"","overlay-type":"","overlay-color":"","overlay-opacity":"","overlay-gradient":""}}},"product_brand":[],"product_cat":[51],"product_tag":[],"class_list":{"0":"post-9038","1":"product","2":"type-product","3":"status-publish","4":"has-post-thumbnail","6":"product_cat-katalog-buffets","7":"product_shipping_class-inklusive","8":"wcpa_has_options","9":"desktop-align-left","10":"tablet-align-left","11":"mobile-align-left","12":"ast-product-gallery-layout-horizontal-slider","13":"ast-product-gallery-with-no-image","14":"ast-magnify-disabled","15":"ast-product-single-variable","16":"ast-product-tabs-layout-horizontal","18":"first","19":"instock","20":"taxable","21":"shipping-taxable","22":"purchasable","23":"product-type-variable","24":"has-default-attributes"},"wcpa_form_fields":{"rules":{"pric_overide_base_price":false,"pric_overide_base_price_if_gt_zero":false,"pric_overide_base_price_fully":false,"pric_cal_option_once":false,"pric_use_as_fee":true,"bind_quantity":false,"quantity_bind_formula":false},"fields":[{"type":"checkbox-group","elementId":"wcpa-checkbox-group-1737975033414","label":"W\u00e4hlen Sie 2 Hauptgerichte ","priceOptions":"different_for_all","pricingType":"fixed","name":"checkbox-group-1737975033414","min_options":"2","max_options":"2","other_text":"Other","cl_rule":"show","minFieldsError":"W\u00e4hlen Sie 2 Hautgerichte","maxFieldsError":"W\u00e4hlen Sie maximal 2 Hauptgerichte","col":6,"values":[{"label":" Red Rocket Ger\u00f6stete Paprika mit Gem\u00fcse-Linsen-F\u00fcllung auf Cashew-Safran-Schaum","value":" Red Rocket Ger\u00f6stete Paprika mit Gem\u00fcse-Linsen-F\u00fcllung auf Cashew-Safran-Schaum","price":"","pimage":"","pimage_id":"","pthumb":""},{"label":" Bolognese vegan style","value":" Bolognese vegan style","price":"","pimage":"","pimage_id":"","pthumb":""},{"label":" Gr\u00fcne Paella","value":" Gr\u00fcne Paella","price":"","pimage":"","pimage_id":"","pthumb":""},{"label":"Gelbes Curry mit Tofu mit Ingwer, gr\u00fcnem Spargel und Kokosmilch","value":"Gelbes Curry mit Tofu mit Ingwer, gr\u00fcnem Spargel und Kokosmilch","price":"","pimage":"","pimage_id":"","pthumb":""}],"relations":false,"form_id":9189,"form_rules":{"pric_cal_option_once":false,"exclude_from_discount":false,"pric_use_as_fee":false,"fee_label":"Geb\u00fchr","render_after_acb":false,"disp_hide_options_price":false}},{"type":"datetime-local","required":true,"elementId":"wcpa-datetime-local-601d1bfd16731","label":"Liefertermin mit Wunschzeit","placeholder":"W\u00e4hlen Sie Ihren Wunschtermin!","pricingType":"fixed","name":"datetime-local-601d1bfd16735","min_date":"None","max_date":"None","date_pic_conf":"{\n\"formatDate\":\"Y-m-d\",\n\"minDate\":\"+1970-01-05\",\n\"startDate\":\"+1970-01-05\",\n\"disabledDates\":[\"2023-04-16\",\"2023-04-23\",\"2023-12-26\",\"2023-12-24\",\"2023-12-25\"]\n}","enableCl":true,"cl_rule":"hide","operator":"and","col":6,"relations":[{"operator":false,"rules":[{"operator":"and","rules":{"cl_field":"wcpa-datetime-local-601d1bfd16731","cl_relation":"date_is","cl_val":""}},{"operator":"and","rules":{"cl_field":"wcpa-datetime-local-601d1bfd16731","cl_relation":"date_is","cl_val":""}},{"operator":false,"rules":{"cl_field":"wcpa-datetime-local-601d1bfd16731","cl_relation":"date_is","cl_val":""}}]}],"form_id":2838,"form_rules":{"pric_cal_option_once":false,"exclude_from_discount":false,"pric_use_as_fee":false,"fee_label":"Geb\u00fchr","render_after_acb":false,"disp_hide_options_price":false}},{"type":"checkbox-group","required":true,"elementId":"wcpa-checkbox-group-601a7d3d6fe20","label":"R\u00fcckgabe und Reinigung","description":"W\u00e4hlen Sie!","enablePrice":true,"priceOptions":"different_for_all","pricingType":"fixed","use_as_fee":true,"name":"checkbox-group-601a7d3d6fe24","other_text":"Other","enableCl":true,"cl_rule":"hide","cl_val":"60","col":6,"values":[{"label":"Leergut abholen","value":"Leergut abholen","price":"30","pimage":"","pimage_id":"","pthumb":""},{"label":"Leergut sp\u00fclen","value":"Leergut sp\u00fclen","price":"25","pimage":"","pimage_id":"","pthumb":""}],"relations":[{"operator":false,"rules":[{"operator":false,"rules":{"cl_field":"attribute","cl_relation":"pa_service","cl_val":"ohne-service"}}]}],"price":0,"form_id":2527,"form_rules":{"pric_cal_option_once":false,"exclude_from_discount":false,"pric_use_as_fee":false,"fee_label":"Geb\u00fchr","render_after_acb":false,"disp_hide_options_price":false}}]},"_links":{"self":[{"href":"https:\/\/shop.grunder-gourmet.de\/en_en\/wp-json\/wp\/v2\/product\/9038","targetHints":{"allow":["GET"]}}],"collection":[{"href":"https:\/\/shop.grunder-gourmet.de\/en_en\/wp-json\/wp\/v2\/product"}],"about":[{"href":"https:\/\/shop.grunder-gourmet.de\/en_en\/wp-json\/wp\/v2\/types\/product"}],"version-history":[{"count":1,"href":"https:\/\/shop.grunder-gourmet.de\/en_en\/wp-json\/wp\/v2\/product\/9038\/revisions"}],"predecessor-version":[{"id":9039,"href":"https:\/\/shop.grunder-gourmet.de\/en_en\/wp-json\/wp\/v2\/product\/9038\/revisions\/9039"}],"wp:featuredmedia":[{"embeddable":true,"href":"https:\/\/shop.grunder-gourmet.de\/en_en\/wp-json\/wp\/v2\/media\/8433"}],"wp:attachment":[{"href":"https:\/\/shop.grunder-gourmet.de\/en_en\/wp-json\/wp\/v2\/media?parent=9038"}],"wp:term":[{"taxonomy":"product_brand","embeddable":true,"href":"https:\/\/shop.grunder-gourmet.de\/en_en\/wp-json\/wp\/v2\/product_brand?post=9038"},{"taxonomy":"product_cat","embeddable":true,"href":"https:\/\/shop.grunder-gourmet.de\/en_en\/wp-json\/wp\/v2\/product_cat?post=9038"},{"taxonomy":"product_tag","embeddable":true,"href":"https:\/\/shop.grunder-gourmet.de\/en_en\/wp-json\/wp\/v2\/product_tag?post=9038"}],"curies":[{"name":"wp","href":"https:\/\/api.w.org\/{rel}","templated":true}]}}