{"id":8988,"date":"2021-01-28T12:10:06","date_gmt":"2021-01-28T11:10:06","guid":{"rendered":"https:\/\/shop.grunder-gourmet.de\/?post_type=product&#038;p=8988"},"modified":"2025-01-27T13:53:04","modified_gmt":"2025-01-27T12:53:04","slug":"schlemmer-buffet","status":"publish","type":"product","link":"https:\/\/shop.grunder-gourmet.de\/fr_fr\/produit\/schlemmer-buffet\/","title":{"rendered":"Buffet gourmand"},"content":{"rendered":"","protected":false},"excerpt":{"rendered":"<h5>Frais et d\u00e9licieux tout au long de l'ann\u00e9e<\/h5>\n<p>D\u00e9contract\u00e9 et l\u00e9ger pour chaque occasion. Avec le buffet gourmand de Grunder Gourmet Partyservice et Eventcatering, vous \u00eates par\u00e9 pour toutes les f\u00eates. Gr\u00e2ce aux plats principaux flexibles, le catering peut \u00eatre adapt\u00e9 individuellement \u00e0 vos invit\u00e9s. Que ce soit quelque chose de solide de la Sarre ou quelque chose de fruit\u00e9 de l'Orient - il y en a pour tout le monde.<\/p>\n<p>&nbsp;<\/p>\n<p>HORS D'OEUVRE<\/p>\n<p><strong>Bouch\u00e9es de quiche aux \u00e9pinards<\/strong> avec cr\u00e8me aux herbes (v)<br \/>\n<strong>Carpaccio de betteraves rouges<\/strong> avec roquette, feta et vinaigrette au miel et \u00e0 la moutarde (v)<br \/>\n<strong>Mini escalopes<\/strong> avec de la cr\u00e8me de citron<br \/>\n<strong>Cr\u00eape aux herbes<\/strong> avec fromage frais (v)<br \/>\n<strong>Mini-fricadelle<\/strong> avec concombre \u00e0 la moutarde et poivron<br \/>\n<strong>Rouleaux de poitrine de dinde<\/strong> farcis de courgettes et de cr\u00e8me aux herbes<br \/>\n<strong>Rouleaux de jambon<\/strong> avec des asperges<br \/>\n<strong>Boulettes de viande de volaille<\/strong> avec sauce aux prunes<br \/>\n<strong>Salade de c\u00e9leri frais<\/strong> avec vinaigrette au yaourt (v)<br \/>\n<strong>Prosciutto italien<\/strong><br \/>\n<strong>Salade de tortellini<\/strong> avec tomates cerises (v)<br \/>\n<strong>Salade de melon et de tomates<\/strong> au basilic (v)<br \/>\n<strong>Salade de ratatouille<\/strong> \u00e0 la menthe fra\u00eeche (v)<br \/>\n<strong>Salade de carottes \u00e0 l'orientale<\/strong> (v)<br \/>\n<strong>M\u00e2che<\/strong> avec vinaigrette \u00e0 la framboise (v)<br \/>\n<strong>Baguette<\/strong> et beurre<\/p>\n<p>&nbsp;<\/p>\n<p>LONGUEURS PRINCIPALES Veuillez choisir ci-dessous votre<strong> deux<\/strong> Plats principaux :<\/p>\n<p>1. <strong>B\u0153uf tendre brais\u00e9 \u00e0 la moutarde<\/strong><br \/>\navec gratin de pommes de terre et l\u00e9gumes-racines<\/p>\n<p>- ou - 2. <strong>Involtini de poulet<\/strong><br \/>\nfarcie d'asperges vertes \u00e0 la cr\u00e8me aux herbes, accompagn\u00e9e de tagliatelles<\/p>\n<p>- ou - 3. <strong>R\u00f4ti de porc caram\u00e9lis\u00e9<\/strong><br \/>\navec chou-fleur gratin\u00e9 et quenelles de pain et de fromage<\/p>\n<p>- ou - 4. <strong>Curry de l\u00e9gumes fruit\u00e9 \u00e0 la noix de coco<\/strong><br \/>\navec riz basmati (v)<\/p>\n<p>&nbsp;<\/p>\n<p>DESSERT<\/p>\n<p>Cr\u00e8me au citron et au s\u00e9r\u00e9 avec salade de fruits frais<\/p>\n<p>(v) = v\u00e9g\u00e9tarien<\/p>\n<p>Si le nombre de personnes est diff\u00e9rent - nous vous prions d'utiliser notre formulaire de contact et de faire une demande individuelle.<\/p>","protected":false},"featured_media":8004,"template":"","meta":{"site-sidebar-layout":"default","site-content-layout":"default","ast-site-content-layout":"null","site-content-style":"null","site-sidebar-style":"null","ast-global-header-display":"","ast-banner-title-visibility":"","ast-main-header-display":"","ast-hfb-above-header-display":"","ast-hfb-below-header-display":"","ast-hfb-mobile-header-display":"","site-post-title":"","ast-breadcrumbs-content":"","ast-featured-img":"","footer-sml-layout":"","ast-disable-related-posts":"","theme-transparent-header-meta":"default","adv-header-id-meta":"","stick-header-meta":"default","header-above-stick-meta":"","header-main-stick-meta":"","header-below-stick-meta":"","astra-migrate-meta-layouts":"default","ast-page-background-enabled":"default","ast-page-background-meta":{"desktop":{"background-color":"","background-image":"","background-repeat":"repeat","background-position":"center center","background-size":"auto","background-attachment":"scroll","background-type":"","background-media":"","overlay-type":"","overlay-color":"","overlay-opacity":"","overlay-gradient":""},"tablet":{"background-color":"","background-image":"","background-repeat":"repeat","background-position":"center center","background-size":"auto","background-attachment":"scroll","background-type":"","background-media":"","overlay-type":"","overlay-color":"","overlay-opacity":"","overlay-gradient":""},"mobile":{"background-color":"","background-image":"","background-repeat":"repeat","background-position":"center center","background-size":"auto","background-attachment":"scroll","background-type":"","background-media":"","overlay-type":"","overlay-color":"","overlay-opacity":"","overlay-gradient":""}},"ast-content-background-meta":{"desktop":{"background-color":"var(--ast-global-color-5)","background-image":"","background-repeat":"repeat","background-position":"center center","background-size":"auto","background-attachment":"scroll","background-type":"","background-media":"","overlay-type":"","overlay-color":"","overlay-opacity":"","overlay-gradient":""},"tablet":{"background-color":"var(--ast-global-color-5)","background-image":"","background-repeat":"repeat","background-position":"center center","background-size":"auto","background-attachment":"scroll","background-type":"","background-media":"","overlay-type":"","overlay-color":"","overlay-opacity":"","overlay-gradient":""},"mobile":{"background-color":"var(--ast-global-color-5)","background-image":"","background-repeat":"repeat","background-position":"center center","background-size":"auto","background-attachment":"scroll","background-type":"","background-media":"","overlay-type":"","overlay-color":"","overlay-opacity":"","overlay-gradient":""}}},"product_brand":[],"product_cat":[51],"product_tag":[],"class_list":{"0":"post-8988","1":"product","2":"type-product","3":"status-publish","4":"has-post-thumbnail","6":"product_cat-katalog-buffets","7":"product_shipping_class-inklusive","8":"wcpa_has_options","9":"desktop-align-left","10":"tablet-align-left","11":"mobile-align-left","12":"ast-product-gallery-layout-horizontal-slider","13":"ast-product-gallery-with-no-image","14":"ast-magnify-disabled","15":"ast-product-single-variable","16":"ast-product-tabs-layout-horizontal","18":"first","19":"instock","20":"taxable","21":"shipping-taxable","22":"purchasable","23":"product-type-variable","24":"has-default-attributes"},"wcpa_form_fields":{"rules":{"pric_overide_base_price":false,"pric_overide_base_price_if_gt_zero":false,"pric_overide_base_price_fully":false,"pric_cal_option_once":false,"pric_use_as_fee":true,"bind_quantity":false,"quantity_bind_formula":false},"fields":[{"type":"checkbox-group","elementId":"wcpa-checkbox-group-1737975708821","label":"W\u00e4hlen Sie 2 Hautgerichte","priceOptions":"different_for_all","pricingType":"fixed","name":"checkbox-group-1737975708821","min_options":"2","max_options":"2","other_text":"Other","cl_rule":"show","minFieldsError":"W\u00e4hlen Sie 2 Hautgerichte","maxFieldsError":"W\u00e4hlen Sie maximal 2 Hauptgerichte","col":6,"values":[{"label":"Zartes Rinder-Senf-Schmorfleisch mit Kartoffelgratin und Wurzelgem\u00fcse","value":"Zartes Rinder-Senf-Schmorfleisch mit Kartoffelgratin und Wurzelgem\u00fcse","price":"","pimage":"","pimage_id":"","pthumb":""},{"label":"Involtini vom H\u00fchnchen mit gr\u00fcnem Spargel gef\u00fcllt an Kr\u00e4utercreme, dazu Tagliatelle","value":"Involtini vom H\u00fchnchen mit gr\u00fcnem Spargel gef\u00fcllt an Kr\u00e4utercreme, dazu Tagliatelle","price":"","pimage":"","pimage_id":"","pthumb":""},{"label":"Karamellisierter Schweinebraten mit gratiniertem Blumenkohl und Semmel-K\u00e4sekn\u00f6del","value":"Karamellisierter Schweinebraten mit gratiniertem Blumenkohl und Semmel-K\u00e4sekn\u00f6del","price":"","pimage":"","pimage_id":"","pthumb":""},{"label":"Fruchtiges Kokos-Gem\u00fcsecurry mit Basmatireis ","value":"Fruchtiges Kokos-Gem\u00fcsecurry mit Basmatireis ","price":"","pimage":"","pimage_id":"","pthumb":""}],"relations":false,"form_id":9190,"form_rules":{"pric_cal_option_once":false,"exclude_from_discount":false,"pric_use_as_fee":false,"fee_label":"Geb\u00fchr","render_after_acb":false,"disp_hide_options_price":false}},{"type":"datetime-local","required":true,"elementId":"wcpa-datetime-local-601d1bfd16731","label":"Liefertermin mit Wunschzeit","placeholder":"W\u00e4hlen Sie Ihren Wunschtermin!","pricingType":"fixed","name":"datetime-local-601d1bfd16735","min_date":"None","max_date":"None","date_pic_conf":"{\n\"formatDate\":\"Y-m-d\",\n\"minDate\":\"+1970-01-05\",\n\"startDate\":\"+1970-01-05\",\n\"disabledDates\":[\"2023-04-16\",\"2023-04-23\",\"2023-12-26\",\"2023-12-24\",\"2023-12-25\"]\n}","enableCl":true,"cl_rule":"hide","operator":"and","col":6,"relations":[{"operator":false,"rules":[{"operator":"and","rules":{"cl_field":"wcpa-datetime-local-601d1bfd16731","cl_relation":"date_is","cl_val":""}},{"operator":"and","rules":{"cl_field":"wcpa-datetime-local-601d1bfd16731","cl_relation":"date_is","cl_val":""}},{"operator":false,"rules":{"cl_field":"wcpa-datetime-local-601d1bfd16731","cl_relation":"date_is","cl_val":""}}]}],"form_id":2838,"form_rules":{"pric_cal_option_once":false,"exclude_from_discount":false,"pric_use_as_fee":false,"fee_label":"Geb\u00fchr","render_after_acb":false,"disp_hide_options_price":false}},{"type":"checkbox-group","required":true,"elementId":"wcpa-checkbox-group-601a7d3d6fe20","label":"R\u00fcckgabe und Reinigung","description":"W\u00e4hlen Sie!","enablePrice":true,"priceOptions":"different_for_all","pricingType":"fixed","use_as_fee":true,"name":"checkbox-group-601a7d3d6fe24","other_text":"Other","enableCl":true,"cl_rule":"hide","cl_val":"60","col":6,"values":[{"label":"Leergut abholen","value":"Leergut abholen","price":"30","pimage":"","pimage_id":"","pthumb":""},{"label":"Leergut sp\u00fclen","value":"Leergut sp\u00fclen","price":"25","pimage":"","pimage_id":"","pthumb":""}],"relations":[{"operator":false,"rules":[{"operator":false,"rules":{"cl_field":"attribute","cl_relation":"pa_service","cl_val":"ohne-service"}}]}],"price":0,"form_id":2527,"form_rules":{"pric_cal_option_once":false,"exclude_from_discount":false,"pric_use_as_fee":false,"fee_label":"Geb\u00fchr","render_after_acb":false,"disp_hide_options_price":false}}]},"_links":{"self":[{"href":"https:\/\/shop.grunder-gourmet.de\/fr_fr\/wp-json\/wp\/v2\/product\/8988","targetHints":{"allow":["GET"]}}],"collection":[{"href":"https:\/\/shop.grunder-gourmet.de\/fr_fr\/wp-json\/wp\/v2\/product"}],"about":[{"href":"https:\/\/shop.grunder-gourmet.de\/fr_fr\/wp-json\/wp\/v2\/types\/product"}],"version-history":[{"count":1,"href":"https:\/\/shop.grunder-gourmet.de\/fr_fr\/wp-json\/wp\/v2\/product\/8988\/revisions"}],"predecessor-version":[{"id":8989,"href":"https:\/\/shop.grunder-gourmet.de\/fr_fr\/wp-json\/wp\/v2\/product\/8988\/revisions\/8989"}],"wp:featuredmedia":[{"embeddable":true,"href":"https:\/\/shop.grunder-gourmet.de\/fr_fr\/wp-json\/wp\/v2\/media\/8004"}],"wp:attachment":[{"href":"https:\/\/shop.grunder-gourmet.de\/fr_fr\/wp-json\/wp\/v2\/media?parent=8988"}],"wp:term":[{"taxonomy":"product_brand","embeddable":true,"href":"https:\/\/shop.grunder-gourmet.de\/fr_fr\/wp-json\/wp\/v2\/product_brand?post=8988"},{"taxonomy":"product_cat","embeddable":true,"href":"https:\/\/shop.grunder-gourmet.de\/fr_fr\/wp-json\/wp\/v2\/product_cat?post=8988"},{"taxonomy":"product_tag","embeddable":true,"href":"https:\/\/shop.grunder-gourmet.de\/fr_fr\/wp-json\/wp\/v2\/product_tag?post=8988"}],"curies":[{"name":"wp","href":"https:\/\/api.w.org\/{rel}","templated":true}]}}