{"id":8992,"date":"2021-02-01T11:30:50","date_gmt":"2021-02-01T10:30:50","guid":{"rendered":"https:\/\/shop.grunder-gourmet.de\/?post_type=product&#038;p=8992"},"modified":"2025-01-27T15:33:34","modified_gmt":"2025-01-27T14:33:34","slug":"fest-buffet","status":"publish","type":"product","link":"https:\/\/shop.grunder-gourmet.de\/fr_fr\/produit\/fest-buffet\/","title":{"rendered":"Buffet de f\u00eate"},"content":{"rendered":"","protected":false},"excerpt":{"rendered":"<h4>Pour chaque occasion<\/h4>\n<p>Notre classique pour toutes les occasions. Le buffet de f\u00eate de Grunder Gourmet Partyservice et Eventcatering se distingue par sa diversit\u00e9. Avec ses classiques en entr\u00e9e, plat principal et dessert, il convient \u00e0 toutes les occasions et \u00e0 presque tous les invit\u00e9s. Ce buffet a d\u00e9j\u00e0 su convaincre lors de divers caterings en Sarre, peut-\u00eatre aussi lors de votre prochaine f\u00eate ?<\/p>\n<p><strong>VARIATION DE LA VOLAILLE<\/strong><br \/>\nPoitrine de poularde farcie | Filet de dinde sur fruits | Poitrine de poulet aux amandes au beurre | Poitrine de pintade farcie \u00e0 la farce aux champignons | Cuisses de poulet grill\u00e9es | Ailes de poulet | M\u00e9daillons de dinde au s\u00e9same<\/p>\n<p><strong>VARIATION DE R\u00d4TI FROID<br \/>\n<\/strong>Petites escalopes | Mini-boulettes de viande hach\u00e9e | Carr\u00e9 de cochon de lait farci | Carr\u00e9 de porc grill\u00e9 | Rouleaux de jambon aux asperges | Jambon de Parme et sa barquette de melon | L\u00e9gumes grill\u00e9s marin\u00e9s | \u0152ufs farcis (en saison)<\/p>\n<p><strong>VARIATION DE POISSONS<\/strong><br \/>\nFilets de truite fum\u00e9s | Saumon marin\u00e9 maison | Terrine de lotte | Filets de maquereau avec diff\u00e9rentes garnitures | Scampi grill\u00e9s \u00e0 l'ail | Saumon sauvage d'Alaska fum\u00e9 | D\u00e9s de saumon cuits \u00e0 la vapeur avec des asperges vertes<\/p>\n<p><strong>SAUCES \u00c0 TREMPER D\u00c9LICIEUSES<\/strong><br \/>\nSauce cocktail | Raifort \u00e0 la cr\u00e8me | Sauce \u00e0 l'ail | Amande aux herbes<\/p>\n<p><strong>BUFFET DE SALADES<\/strong><br \/>\nSalade de pommes de terre v\u00e9g\u00e9tarienne | Salade de concombres | Salade de choux | Salade de p\u00e2tes | Salade Waldorf | Cocktail de crevettes | Salade de thon | Salade verte mixte avec cro\u00fbtons<\/p>\n<p><strong>PLATS CHAUDS<\/strong><br \/>\nM\u00e9daillons de porc avec morceaux de pommes \u00e0 la cr\u00e8me de calvados | accompagn\u00e9s d'un gratin de pommes de terre et d'une assiette de l\u00e9gumes color\u00e9s de saison |<\/p>\n<p><em>Comme deuxi\u00e8me plat, veuillez choisir<\/em><br \/>\nR\u00f4ti de veau farci avec sp\u00e4tzle et fagots de haricots<br \/>\n<em>ou<\/em><br \/>\nFilet de saumon \u00e0 la cr\u00e8me de citron vert avec tagliatelles<\/p>\n<p><strong>CORBEILLE \u00c0 PAIN COLOR\u00c9E<\/strong><br \/>\nCorbeille de pain avec diff\u00e9rentes sortes de petits pains de f\u00eate<\/p>\n<p><strong>DESSERT<\/strong><br \/>\nCr\u00e8me de cerises de la For\u00eat-Noire avec sauce \u00e0 la cr\u00e8me | Plateau de fromages de diff\u00e9rentes sortes, accompagn\u00e9 de nombreux fruits garnis<\/p>\n<p>&nbsp;<\/p>\n<p>Si le nombre de personnes est diff\u00e9rent - nous vous prions d'utiliser notre formulaire de contact et de faire une demande individuelle.<\/p>","protected":false},"featured_media":8345,"template":"","meta":{"site-sidebar-layout":"default","site-content-layout":"default","ast-site-content-layout":"null","site-content-style":"null","site-sidebar-style":"null","ast-global-header-display":"","ast-banner-title-visibility":"","ast-main-header-display":"","ast-hfb-above-header-display":"","ast-hfb-below-header-display":"","ast-hfb-mobile-header-display":"","site-post-title":"","ast-breadcrumbs-content":"","ast-featured-img":"","footer-sml-layout":"","ast-disable-related-posts":"","theme-transparent-header-meta":"default","adv-header-id-meta":"","stick-header-meta":"default","header-above-stick-meta":"","header-main-stick-meta":"","header-below-stick-meta":"","astra-migrate-meta-layouts":"default","ast-page-background-enabled":"default","ast-page-background-meta":{"desktop":{"background-color":"","background-image":"","background-repeat":"repeat","background-position":"center center","background-size":"auto","background-attachment":"scroll","background-type":"","background-media":"","overlay-type":"","overlay-color":"","overlay-opacity":"","overlay-gradient":""},"tablet":{"background-color":"","background-image":"","background-repeat":"repeat","background-position":"center center","background-size":"auto","background-attachment":"scroll","background-type":"","background-media":"","overlay-type":"","overlay-color":"","overlay-opacity":"","overlay-gradient":""},"mobile":{"background-color":"","background-image":"","background-repeat":"repeat","background-position":"center center","background-size":"auto","background-attachment":"scroll","background-type":"","background-media":"","overlay-type":"","overlay-color":"","overlay-opacity":"","overlay-gradient":""}},"ast-content-background-meta":{"desktop":{"background-color":"var(--ast-global-color-5)","background-image":"","background-repeat":"repeat","background-position":"center center","background-size":"auto","background-attachment":"scroll","background-type":"","background-media":"","overlay-type":"","overlay-color":"","overlay-opacity":"","overlay-gradient":""},"tablet":{"background-color":"var(--ast-global-color-5)","background-image":"","background-repeat":"repeat","background-position":"center center","background-size":"auto","background-attachment":"scroll","background-type":"","background-media":"","overlay-type":"","overlay-color":"","overlay-opacity":"","overlay-gradient":""},"mobile":{"background-color":"var(--ast-global-color-5)","background-image":"","background-repeat":"repeat","background-position":"center center","background-size":"auto","background-attachment":"scroll","background-type":"","background-media":"","overlay-type":"","overlay-color":"","overlay-opacity":"","overlay-gradient":""}}},"product_brand":[],"product_cat":[51],"product_tag":[],"class_list":{"0":"post-8992","1":"product","2":"type-product","3":"status-publish","4":"has-post-thumbnail","6":"product_cat-katalog-buffets","7":"product_shipping_class-inklusive","8":"wcpa_has_options","9":"desktop-align-left","10":"tablet-align-left","11":"mobile-align-left","12":"ast-product-gallery-layout-horizontal-slider","13":"ast-product-gallery-with-no-image","14":"ast-magnify-disabled","15":"ast-product-single-variable","16":"ast-product-tabs-layout-horizontal","18":"first","19":"instock","20":"taxable","21":"shipping-taxable","22":"purchasable","23":"product-type-variable","24":"has-default-attributes"},"wcpa_form_fields":{"rules":{"pric_overide_base_price":false,"pric_overide_base_price_if_gt_zero":false,"pric_overide_base_price_fully":false,"pric_cal_option_once":false,"pric_use_as_fee":true,"bind_quantity":false,"quantity_bind_formula":false},"fields":[{"type":"datetime-local","required":true,"elementId":"wcpa-datetime-local-601d1bfd16731","label":"Liefertermin mit Wunschzeit","placeholder":"W\u00e4hlen Sie Ihren Wunschtermin!","pricingType":"fixed","name":"datetime-local-601d1bfd16735","min_date":"None","max_date":"None","date_pic_conf":"{\n\"formatDate\":\"Y-m-d\",\n\"minDate\":\"+1970-01-05\",\n\"startDate\":\"+1970-01-05\",\n\"disabledDates\":[\"2023-04-16\",\"2023-04-23\",\"2023-12-26\",\"2023-12-24\",\"2023-12-25\"]\n}","enableCl":true,"cl_rule":"hide","operator":"and","col":6,"relations":[{"operator":false,"rules":[{"operator":"and","rules":{"cl_field":"wcpa-datetime-local-601d1bfd16731","cl_relation":"date_is","cl_val":""}},{"operator":"and","rules":{"cl_field":"wcpa-datetime-local-601d1bfd16731","cl_relation":"date_is","cl_val":""}},{"operator":false,"rules":{"cl_field":"wcpa-datetime-local-601d1bfd16731","cl_relation":"date_is","cl_val":""}}]}],"form_id":2838,"form_rules":{"pric_cal_option_once":false,"exclude_from_discount":false,"pric_use_as_fee":false,"fee_label":"Geb\u00fchr","render_after_acb":false,"disp_hide_options_price":false}},{"type":"checkbox-group","required":true,"elementId":"wcpa-checkbox-group-601a7d3d6fe20","label":"R\u00fcckgabe und Reinigung","description":"W\u00e4hlen Sie!","enablePrice":true,"priceOptions":"different_for_all","pricingType":"fixed","use_as_fee":true,"name":"checkbox-group-601a7d3d6fe24","other_text":"Other","enableCl":true,"cl_rule":"hide","cl_val":"60","col":6,"values":[{"label":"Leergut abholen","value":"Leergut abholen","price":"30","pimage":"","pimage_id":"","pthumb":""},{"label":"Leergut sp\u00fclen","value":"Leergut sp\u00fclen","price":"25","pimage":"","pimage_id":"","pthumb":""}],"relations":[{"operator":false,"rules":[{"operator":false,"rules":{"cl_field":"attribute","cl_relation":"pa_service","cl_val":"ohne-service"}}]}],"price":0,"form_id":2527,"form_rules":{"pric_cal_option_once":false,"exclude_from_discount":false,"pric_use_as_fee":false,"fee_label":"Geb\u00fchr","render_after_acb":false,"disp_hide_options_price":false}}]},"_links":{"self":[{"href":"https:\/\/shop.grunder-gourmet.de\/fr_fr\/wp-json\/wp\/v2\/product\/8992","targetHints":{"allow":["GET"]}}],"collection":[{"href":"https:\/\/shop.grunder-gourmet.de\/fr_fr\/wp-json\/wp\/v2\/product"}],"about":[{"href":"https:\/\/shop.grunder-gourmet.de\/fr_fr\/wp-json\/wp\/v2\/types\/product"}],"version-history":[{"count":1,"href":"https:\/\/shop.grunder-gourmet.de\/fr_fr\/wp-json\/wp\/v2\/product\/8992\/revisions"}],"predecessor-version":[{"id":8993,"href":"https:\/\/shop.grunder-gourmet.de\/fr_fr\/wp-json\/wp\/v2\/product\/8992\/revisions\/8993"}],"wp:featuredmedia":[{"embeddable":true,"href":"https:\/\/shop.grunder-gourmet.de\/fr_fr\/wp-json\/wp\/v2\/media\/8345"}],"wp:attachment":[{"href":"https:\/\/shop.grunder-gourmet.de\/fr_fr\/wp-json\/wp\/v2\/media?parent=8992"}],"wp:term":[{"taxonomy":"product_brand","embeddable":true,"href":"https:\/\/shop.grunder-gourmet.de\/fr_fr\/wp-json\/wp\/v2\/product_brand?post=8992"},{"taxonomy":"product_cat","embeddable":true,"href":"https:\/\/shop.grunder-gourmet.de\/fr_fr\/wp-json\/wp\/v2\/product_cat?post=8992"},{"taxonomy":"product_tag","embeddable":true,"href":"https:\/\/shop.grunder-gourmet.de\/fr_fr\/wp-json\/wp\/v2\/product_tag?post=8992"}],"curies":[{"name":"wp","href":"https:\/\/api.w.org\/{rel}","templated":true}]}}