{"id":8996,"date":"2021-02-03T11:13:34","date_gmt":"2021-02-03T10:13:34","guid":{"rendered":"https:\/\/shop.grunder-gourmet.de\/?post_type=product&#038;p=8996"},"modified":"2025-01-27T12:25:29","modified_gmt":"2025-01-27T11:25:29","slug":"fest-buffet-kopie","status":"publish","type":"product","link":"https:\/\/shop.grunder-gourmet.de\/fr_fr\/produit\/fest-buffet-kopie\/","title":{"rendered":"Buffet gourmand"},"content":{"rendered":"","protected":false},"excerpt":{"rendered":"<h4>Pour les occasions festives<\/h4>\n<p>&nbsp;<\/p>\n<p>HORS-D'OEUVRE : Cr\u00eapes de pastrami \u00e0 la roquette | Brochette de l\u00e9gumes grill\u00e9s (poivrons farcis,<br \/>\nCourgettes et olives) | Boulettes de viande marin\u00e9es \u00e0 la sauce aux prunes | Pinces d'\u00e9crevisses pan\u00e9es<br \/>\n\u00e0 la cr\u00e8me de raifort | Salade de poitrine de b\u0153uf \u00e0 la cr\u00e8me de pomme et raifort |<br \/>\nCrevettes en nid de pommes de terre avec dip au citron vert | Petites pommes de terre au four enrob\u00e9es de lard,<br \/>\nremplie<br \/>\navec parmesan | Crespelle de betteraves rouges avec mousse de truite fum\u00e9e du Bliesgau<br \/>\net pommes rap\u00e9es | Crespelle au fromage frais aux herbes, avocat et salsa \u00e0 la mangue |<br \/>\nCocktail de crevettes du Groenland \u00e0 la cr\u00e8me aigre | Jambon Serano au melon Cantaloup |<br \/>\nTomates s\u00e9ch\u00e9es, olives farcies, courgettes grill\u00e9es | Assiette de salades vari\u00e9es avec<br \/>\nfrais<br \/>\nl\u00e9gumes et cr\u00e8me l\u00e9g\u00e8re au yogourt | Vitello de dinde avec une fine<br \/>\nThon-<br \/>\nMarinade | Saumon au basilic marin\u00e9 maison avec olives Dip \u00e0 la cr\u00e8me acidul\u00e9e |<br \/>\nSalade de poulet et de raisins avec lentilles Beluga | Diverses sauces dip d\u00e9licieuses<br \/>\nPLATS PRINCIPAUX Veuillez choisir trois plats principaux :<br \/>\n1. vivaneau grill\u00e9 sur la peau<br \/>\nsur une cr\u00e8me fine aux herbes et \u00e0 la citronnelle avec du riz sauvage<br \/>\n- ou - 2. filet de porc<br \/>\navec sauce aux bolets \u00e0 la cr\u00e8me et tranches de pommes de terre grill\u00e9es<br \/>\n- ou - 3. curry jaune au tofu, gingembre, asperges vertes et lait de coco<br \/>\nL\u00e9gumes frais du march\u00e9, blanchis et croquants<br \/>\n- ou - 4. gigot d'agneau marin\u00e9 au jus de thym et de vin rouge<br \/>\navec des Schupfnudeln<br \/>\nCORBEILLE DE PAIN COLOR\u00c9 : Corbeille \u00e0 pain et petits pains de f\u00eate m\u00e9lang\u00e9s<br \/>\nDESSERT : plateau de fromages de diff\u00e9rentes sortes, garni de fruits |<br \/>\nVariation de desserts avec diff\u00e9rentes mousses et desserts aux fruits en petits verres et tasses<\/p>\n<p>&nbsp;<\/p>\n<p>Si le nombre de personnes est diff\u00e9rent - nous vous prions d'utiliser notre formulaire de contact et de faire une demande individuelle.<\/p>","protected":false},"featured_media":8352,"template":"","meta":{"site-sidebar-layout":"default","site-content-layout":"default","ast-site-content-layout":"null","site-content-style":"null","site-sidebar-style":"null","ast-global-header-display":"","ast-banner-title-visibility":"","ast-main-header-display":"","ast-hfb-above-header-display":"","ast-hfb-below-header-display":"","ast-hfb-mobile-header-display":"","site-post-title":"","ast-breadcrumbs-content":"","ast-featured-img":"","footer-sml-layout":"","ast-disable-related-posts":"","theme-transparent-header-meta":"default","adv-header-id-meta":"","stick-header-meta":"default","header-above-stick-meta":"","header-main-stick-meta":"","header-below-stick-meta":"","astra-migrate-meta-layouts":"default","ast-page-background-enabled":"default","ast-page-background-meta":{"desktop":{"background-color":"","background-image":"","background-repeat":"repeat","background-position":"center center","background-size":"auto","background-attachment":"scroll","background-type":"","background-media":"","overlay-type":"","overlay-color":"","overlay-opacity":"","overlay-gradient":""},"tablet":{"background-color":"","background-image":"","background-repeat":"repeat","background-position":"center center","background-size":"auto","background-attachment":"scroll","background-type":"","background-media":"","overlay-type":"","overlay-color":"","overlay-opacity":"","overlay-gradient":""},"mobile":{"background-color":"","background-image":"","background-repeat":"repeat","background-position":"center center","background-size":"auto","background-attachment":"scroll","background-type":"","background-media":"","overlay-type":"","overlay-color":"","overlay-opacity":"","overlay-gradient":""}},"ast-content-background-meta":{"desktop":{"background-color":"var(--ast-global-color-5)","background-image":"","background-repeat":"repeat","background-position":"center center","background-size":"auto","background-attachment":"scroll","background-type":"","background-media":"","overlay-type":"","overlay-color":"","overlay-opacity":"","overlay-gradient":""},"tablet":{"background-color":"var(--ast-global-color-5)","background-image":"","background-repeat":"repeat","background-position":"center center","background-size":"auto","background-attachment":"scroll","background-type":"","background-media":"","overlay-type":"","overlay-color":"","overlay-opacity":"","overlay-gradient":""},"mobile":{"background-color":"var(--ast-global-color-5)","background-image":"","background-repeat":"repeat","background-position":"center center","background-size":"auto","background-attachment":"scroll","background-type":"","background-media":"","overlay-type":"","overlay-color":"","overlay-opacity":"","overlay-gradient":""}}},"product_brand":[],"product_cat":[51],"product_tag":[],"class_list":{"0":"post-8996","1":"product","2":"type-product","3":"status-publish","4":"has-post-thumbnail","6":"product_cat-katalog-buffets","7":"product_shipping_class-inklusive","8":"wcpa_has_options","9":"desktop-align-left","10":"tablet-align-left","11":"mobile-align-left","12":"ast-product-gallery-layout-horizontal-slider","13":"ast-product-gallery-with-no-image","14":"ast-magnify-disabled","15":"ast-product-single-variable","16":"ast-product-tabs-layout-horizontal","18":"first","19":"instock","20":"taxable","21":"shipping-taxable","22":"purchasable","23":"product-type-variable","24":"has-default-attributes"},"wcpa_form_fields":{"rules":{"pric_overide_base_price":false,"pric_overide_base_price_if_gt_zero":false,"pric_overide_base_price_fully":false,"pric_cal_option_once":false,"pric_use_as_fee":true,"bind_quantity":false,"quantity_bind_formula":false},"fields":[{"type":"checkbox-group","elementId":"wcpa-checkbox-group-1737976697713","label":"W\u00e4hlen Sie 3 Hauptgerichte","priceOptions":"different_for_all","pricingType":"fixed","name":"checkbox-group-1737976697713","min_options":"3","max_options":"3","other_text":"Other","cl_rule":"show","minFieldsError":"W\u00e4hlen Sie 3 Hauptgerichte","maxFieldsError":"W\u00e4hlen Sie maximal 3 Hautgerichte","col":6,"values":[{"label":" Red Snapper, auf der Haut gegrillt auf feiner Kr\u00e4uter-Zitronengras-Cr\u00e8me mit Wildreis","value":" Red Snapper, auf der Haut gegrillt auf feiner Kr\u00e4uter-Zitronengras-Cr\u00e8me mit Wildreis","price":"","pimage":"","pimage_id":"","pthumb":""},{"label":"Schweinefilet mit Steinpilz-Rahmsauce und gegrillten Kartoffelscheiben","value":"Schweinefilet mit Steinpilz-Rahmsauce und gegrillten Kartoffelscheiben","price":"","pimage":"","pimage_id":"","pthumb":""},{"label":"Gelbes Curry mit Tofu, Ingwer, gr\u00fcnem Spargel und Kokosmilch Frisches Marktgem\u00fcse, knackig blanchiert","value":"Gelbes Curry mit Tofu, Ingwer, gr\u00fcnem Spargel und Kokosmilch Frisches Marktgem\u00fcse, knackig blanchiert","price":"","pimage":"","pimage_id":"","pthumb":""},{"label":" Marinierte Lammkeule in Thymian-Rotwein-Jus mit Schupfnudeln","value":" Marinierte Lammkeule in Thymian-Rotwein-Jus mit Schupfnudeln","price":"","pimage":"","pimage_id":"","pthumb":""}],"relations":false,"form_id":9192,"form_rules":{"pric_cal_option_once":false,"exclude_from_discount":false,"pric_use_as_fee":false,"fee_label":"Geb\u00fchr","render_after_acb":false,"disp_hide_options_price":false}},{"type":"datetime-local","required":true,"elementId":"wcpa-datetime-local-601d1bfd16731","label":"Liefertermin mit Wunschzeit","placeholder":"W\u00e4hlen Sie Ihren Wunschtermin!","pricingType":"fixed","name":"datetime-local-601d1bfd16735","min_date":"None","max_date":"None","date_pic_conf":"{\n\"formatDate\":\"Y-m-d\",\n\"minDate\":\"+1970-01-05\",\n\"startDate\":\"+1970-01-05\",\n\"disabledDates\":[\"2023-04-16\",\"2023-04-23\",\"2023-12-26\",\"2023-12-24\",\"2023-12-25\"]\n}","enableCl":true,"cl_rule":"hide","operator":"and","col":6,"relations":[{"operator":false,"rules":[{"operator":"and","rules":{"cl_field":"wcpa-datetime-local-601d1bfd16731","cl_relation":"date_is","cl_val":""}},{"operator":"and","rules":{"cl_field":"wcpa-datetime-local-601d1bfd16731","cl_relation":"date_is","cl_val":""}},{"operator":false,"rules":{"cl_field":"wcpa-datetime-local-601d1bfd16731","cl_relation":"date_is","cl_val":""}}]}],"form_id":2838,"form_rules":{"pric_cal_option_once":false,"exclude_from_discount":false,"pric_use_as_fee":false,"fee_label":"Geb\u00fchr","render_after_acb":false,"disp_hide_options_price":false}},{"type":"checkbox-group","required":true,"elementId":"wcpa-checkbox-group-601a7d3d6fe20","label":"R\u00fcckgabe und Reinigung","description":"W\u00e4hlen Sie!","enablePrice":true,"priceOptions":"different_for_all","pricingType":"fixed","use_as_fee":true,"name":"checkbox-group-601a7d3d6fe24","other_text":"Other","enableCl":true,"cl_rule":"hide","cl_val":"60","col":6,"values":[{"label":"Leergut abholen","value":"Leergut abholen","price":"30","pimage":"","pimage_id":"","pthumb":""},{"label":"Leergut sp\u00fclen","value":"Leergut sp\u00fclen","price":"25","pimage":"","pimage_id":"","pthumb":""}],"relations":[{"operator":false,"rules":[{"operator":false,"rules":{"cl_field":"attribute","cl_relation":"pa_service","cl_val":"ohne-service"}}]}],"price":0,"form_id":2527,"form_rules":{"pric_cal_option_once":false,"exclude_from_discount":false,"pric_use_as_fee":false,"fee_label":"Geb\u00fchr","render_after_acb":false,"disp_hide_options_price":false}}]},"_links":{"self":[{"href":"https:\/\/shop.grunder-gourmet.de\/fr_fr\/wp-json\/wp\/v2\/product\/8996","targetHints":{"allow":["GET"]}}],"collection":[{"href":"https:\/\/shop.grunder-gourmet.de\/fr_fr\/wp-json\/wp\/v2\/product"}],"about":[{"href":"https:\/\/shop.grunder-gourmet.de\/fr_fr\/wp-json\/wp\/v2\/types\/product"}],"version-history":[{"count":1,"href":"https:\/\/shop.grunder-gourmet.de\/fr_fr\/wp-json\/wp\/v2\/product\/8996\/revisions"}],"predecessor-version":[{"id":8997,"href":"https:\/\/shop.grunder-gourmet.de\/fr_fr\/wp-json\/wp\/v2\/product\/8996\/revisions\/8997"}],"wp:featuredmedia":[{"embeddable":true,"href":"https:\/\/shop.grunder-gourmet.de\/fr_fr\/wp-json\/wp\/v2\/media\/8352"}],"wp:attachment":[{"href":"https:\/\/shop.grunder-gourmet.de\/fr_fr\/wp-json\/wp\/v2\/media?parent=8996"}],"wp:term":[{"taxonomy":"product_brand","embeddable":true,"href":"https:\/\/shop.grunder-gourmet.de\/fr_fr\/wp-json\/wp\/v2\/product_brand?post=8996"},{"taxonomy":"product_cat","embeddable":true,"href":"https:\/\/shop.grunder-gourmet.de\/fr_fr\/wp-json\/wp\/v2\/product_cat?post=8996"},{"taxonomy":"product_tag","embeddable":true,"href":"https:\/\/shop.grunder-gourmet.de\/fr_fr\/wp-json\/wp\/v2\/product_tag?post=8996"}],"curies":[{"name":"wp","href":"https:\/\/api.w.org\/{rel}","templated":true}]}}