{"id":9000,"date":"2021-02-03T11:46:21","date_gmt":"2021-02-03T10:46:21","guid":{"rendered":"https:\/\/shop.grunder-gourmet.de\/?post_type=product&#038;p=9000"},"modified":"2025-01-27T15:38:44","modified_gmt":"2025-01-27T14:38:44","slug":"hochzeits-buffet","status":"publish","type":"product","link":"https:\/\/shop.grunder-gourmet.de\/fr_fr\/produit\/hochzeits-buffet\/","title":{"rendered":"Buffet de mariage"},"content":{"rendered":"","protected":false},"excerpt":{"rendered":"<h4>Pour le plus beau jour de la vie<\/h4>\n<p>Le buffet pour le plus beau jour de votre vie. Avec le buffet de mariage de Grunder Gourmet Partyservice et Eventcatering, votre mariage sera inoubliable. Chacun trouvera son bonheur parmi la grande vari\u00e9t\u00e9 de plats d'entr\u00e9e et de plats principaux. Compl\u00e9t\u00e9 par de d\u00e9licieuses salades et des desserts, le service traiteur souligne le caract\u00e8re exceptionnel de votre journ\u00e9e. Que vous vous mariez en Sarre ou ailleurs.<\/p>\n<p><strong>PLATEAU DE SP\u00c9CIALIT\u00c9S DE R\u00d4TIS ET DE VOLAILLES :\u00a0<\/strong>Petites escalopes | Mini boulettes de viande hach\u00e9e | Dos de cochon de lait farci | Jambon de Parme et barquettes de melon | Poitrine de poularde farcie | Filet de dinde sur fruits | Poitrine de poulet aux amandes au beurre | Cuisses de poulet aux herbes en cro\u00fbte de fromage | M\u00e9daillons de dinde au s\u00e9same<\/p>\n<p><strong>PLATEAU DE SP\u00c9CIALIT\u00c9S V\u00c9G\u00c9TARIENNES :\u00a0<\/strong>Quiche aux patates douces | Boulettes de couscous avec dip \u00e0 la tomate et \u00e0 la menthe | Mini-rouleaux de printemps | Boulettes de l\u00e9gumes maison | Rouleaux de courgettes au fromage frais aux herbes<\/p>\n<p><strong>VARIATIONS DE POISSONS S\u00c9LECTIONN\u00c9S :\u00a0<\/strong>Saumon marin\u00e9 maison | Filets de truite | Filets de maquereau avec diff\u00e9rentes garnitures | Terrine de poisson | Scampi \u00e0 l'ail | Saumon fum\u00e9 \u00e9cossais | D\u00e9s de saumon poch\u00e9s aux asperges vertes<\/p>\n<p><strong>LES SALADES :\u00a0<\/strong>Salade de pommes de terre v\u00e9g\u00e9tarienne | Salade de concombres | Salade de tortellinis aux tomates cerises | Salade Waldorf | Salade de carottes et de gingembre | Cocktail de crevettes | Salade de thon | Salade verte m\u00e9lang\u00e9e avec cro\u00fbtons | accompagn\u00e9e de d\u00e9licieuses sauces dip<\/p>\n<p><strong>PLATS CHAUDS :\u00a0<\/strong>Filet de bolet en sauce au Riesling et \u00e0 l'estragon et riz sauvage | M\u00e9daillons de porc \u00e0 la cr\u00e8me de c\u00e8pes avec sp\u00e4tzle maison | M\u00e9daillon de poitrine de poularde au citron et gratin de pommes de terre | Grand plateau de l\u00e9gumes m\u00e9lang\u00e9s<\/p>\n<p><strong>CORBEILLE \u00c0 PAIN COLOR\u00c9E :\u00a0<\/strong>Corbeille de pain avec diff\u00e9rentes sortes de petits pains de f\u00eate<\/p>\n<p><strong>DESSERT :\u00a0<\/strong>Salade de fruits frais avec sauce \u00e0 la liqueur d'\u0153ufs | Mousse au chocolat avec sauce \u00e0 la vanille | Plateau de fromages de diff\u00e9rentes sortes, accompagn\u00e9 de nombreux fruits garnis<\/p>\n<p>&nbsp;<\/p>\n<p>Si le nombre de personnes est diff\u00e9rent - nous vous prions d'utiliser notre formulaire de contact et de faire une demande individuelle.<\/p>","protected":false},"featured_media":8357,"template":"","meta":{"site-sidebar-layout":"default","site-content-layout":"default","ast-site-content-layout":"null","site-content-style":"null","site-sidebar-style":"null","ast-global-header-display":"","ast-banner-title-visibility":"","ast-main-header-display":"","ast-hfb-above-header-display":"","ast-hfb-below-header-display":"","ast-hfb-mobile-header-display":"","site-post-title":"","ast-breadcrumbs-content":"","ast-featured-img":"","footer-sml-layout":"","ast-disable-related-posts":"","theme-transparent-header-meta":"default","adv-header-id-meta":"","stick-header-meta":"default","header-above-stick-meta":"","header-main-stick-meta":"","header-below-stick-meta":"","astra-migrate-meta-layouts":"default","ast-page-background-enabled":"default","ast-page-background-meta":{"desktop":{"background-color":"","background-image":"","background-repeat":"repeat","background-position":"center center","background-size":"auto","background-attachment":"scroll","background-type":"","background-media":"","overlay-type":"","overlay-color":"","overlay-opacity":"","overlay-gradient":""},"tablet":{"background-color":"","background-image":"","background-repeat":"repeat","background-position":"center center","background-size":"auto","background-attachment":"scroll","background-type":"","background-media":"","overlay-type":"","overlay-color":"","overlay-opacity":"","overlay-gradient":""},"mobile":{"background-color":"","background-image":"","background-repeat":"repeat","background-position":"center center","background-size":"auto","background-attachment":"scroll","background-type":"","background-media":"","overlay-type":"","overlay-color":"","overlay-opacity":"","overlay-gradient":""}},"ast-content-background-meta":{"desktop":{"background-color":"var(--ast-global-color-5)","background-image":"","background-repeat":"repeat","background-position":"center center","background-size":"auto","background-attachment":"scroll","background-type":"","background-media":"","overlay-type":"","overlay-color":"","overlay-opacity":"","overlay-gradient":""},"tablet":{"background-color":"var(--ast-global-color-5)","background-image":"","background-repeat":"repeat","background-position":"center center","background-size":"auto","background-attachment":"scroll","background-type":"","background-media":"","overlay-type":"","overlay-color":"","overlay-opacity":"","overlay-gradient":""},"mobile":{"background-color":"var(--ast-global-color-5)","background-image":"","background-repeat":"repeat","background-position":"center center","background-size":"auto","background-attachment":"scroll","background-type":"","background-media":"","overlay-type":"","overlay-color":"","overlay-opacity":"","overlay-gradient":""}}},"product_brand":[],"product_cat":[51],"product_tag":[],"class_list":{"0":"post-9000","1":"product","2":"type-product","3":"status-publish","4":"has-post-thumbnail","6":"product_cat-katalog-buffets","7":"product_shipping_class-inklusive","8":"wcpa_has_options","9":"desktop-align-left","10":"tablet-align-left","11":"mobile-align-left","12":"ast-product-gallery-layout-horizontal-slider","13":"ast-product-gallery-with-no-image","14":"ast-magnify-disabled","15":"ast-product-single-variable","16":"ast-product-tabs-layout-horizontal","18":"first","19":"instock","20":"taxable","21":"shipping-taxable","22":"purchasable","23":"product-type-variable","24":"has-default-attributes"},"wcpa_form_fields":{"rules":{"pric_overide_base_price":false,"pric_overide_base_price_if_gt_zero":false,"pric_overide_base_price_fully":false,"pric_cal_option_once":false,"pric_use_as_fee":true,"bind_quantity":false,"quantity_bind_formula":false},"fields":[{"type":"datetime-local","required":true,"elementId":"wcpa-datetime-local-601d1bfd16731","label":"Liefertermin mit Wunschzeit","placeholder":"W\u00e4hlen Sie Ihren Wunschtermin!","pricingType":"fixed","name":"datetime-local-601d1bfd16735","min_date":"None","max_date":"None","date_pic_conf":"{\n\"formatDate\":\"Y-m-d\",\n\"minDate\":\"+1970-01-05\",\n\"startDate\":\"+1970-01-05\",\n\"disabledDates\":[\"2023-04-16\",\"2023-04-23\",\"2023-12-26\",\"2023-12-24\",\"2023-12-25\"]\n}","enableCl":true,"cl_rule":"hide","operator":"and","col":6,"relations":[{"operator":false,"rules":[{"operator":"and","rules":{"cl_field":"wcpa-datetime-local-601d1bfd16731","cl_relation":"date_is","cl_val":""}},{"operator":"and","rules":{"cl_field":"wcpa-datetime-local-601d1bfd16731","cl_relation":"date_is","cl_val":""}},{"operator":false,"rules":{"cl_field":"wcpa-datetime-local-601d1bfd16731","cl_relation":"date_is","cl_val":""}}]}],"form_id":2838,"form_rules":{"pric_cal_option_once":false,"exclude_from_discount":false,"pric_use_as_fee":false,"fee_label":"Geb\u00fchr","render_after_acb":false,"disp_hide_options_price":false}},{"type":"checkbox-group","required":true,"elementId":"wcpa-checkbox-group-601a7d3d6fe20","label":"R\u00fcckgabe und Reinigung","description":"W\u00e4hlen Sie!","enablePrice":true,"priceOptions":"different_for_all","pricingType":"fixed","use_as_fee":true,"name":"checkbox-group-601a7d3d6fe24","other_text":"Other","enableCl":true,"cl_rule":"hide","cl_val":"60","col":6,"values":[{"label":"Leergut abholen","value":"Leergut abholen","price":"30","pimage":"","pimage_id":"","pthumb":""},{"label":"Leergut sp\u00fclen","value":"Leergut sp\u00fclen","price":"25","pimage":"","pimage_id":"","pthumb":""}],"relations":[{"operator":false,"rules":[{"operator":false,"rules":{"cl_field":"attribute","cl_relation":"pa_service","cl_val":"ohne-service"}}]}],"price":0,"form_id":2527,"form_rules":{"pric_cal_option_once":false,"exclude_from_discount":false,"pric_use_as_fee":false,"fee_label":"Geb\u00fchr","render_after_acb":false,"disp_hide_options_price":false}}]},"_links":{"self":[{"href":"https:\/\/shop.grunder-gourmet.de\/fr_fr\/wp-json\/wp\/v2\/product\/9000","targetHints":{"allow":["GET"]}}],"collection":[{"href":"https:\/\/shop.grunder-gourmet.de\/fr_fr\/wp-json\/wp\/v2\/product"}],"about":[{"href":"https:\/\/shop.grunder-gourmet.de\/fr_fr\/wp-json\/wp\/v2\/types\/product"}],"version-history":[{"count":1,"href":"https:\/\/shop.grunder-gourmet.de\/fr_fr\/wp-json\/wp\/v2\/product\/9000\/revisions"}],"predecessor-version":[{"id":9001,"href":"https:\/\/shop.grunder-gourmet.de\/fr_fr\/wp-json\/wp\/v2\/product\/9000\/revisions\/9001"}],"wp:featuredmedia":[{"embeddable":true,"href":"https:\/\/shop.grunder-gourmet.de\/fr_fr\/wp-json\/wp\/v2\/media\/8357"}],"wp:attachment":[{"href":"https:\/\/shop.grunder-gourmet.de\/fr_fr\/wp-json\/wp\/v2\/media?parent=9000"}],"wp:term":[{"taxonomy":"product_brand","embeddable":true,"href":"https:\/\/shop.grunder-gourmet.de\/fr_fr\/wp-json\/wp\/v2\/product_brand?post=9000"},{"taxonomy":"product_cat","embeddable":true,"href":"https:\/\/shop.grunder-gourmet.de\/fr_fr\/wp-json\/wp\/v2\/product_cat?post=9000"},{"taxonomy":"product_tag","embeddable":true,"href":"https:\/\/shop.grunder-gourmet.de\/fr_fr\/wp-json\/wp\/v2\/product_tag?post=9000"}],"curies":[{"name":"wp","href":"https:\/\/api.w.org\/{rel}","templated":true}]}}