{"id":9004,"date":"2021-02-03T12:21:14","date_gmt":"2021-02-03T11:21:14","guid":{"rendered":"https:\/\/shop.grunder-gourmet.de\/?post_type=product&#038;p=9004"},"modified":"2025-01-27T15:11:59","modified_gmt":"2025-01-27T14:11:59","slug":"saarland-deftig","status":"publish","type":"product","link":"https:\/\/shop.grunder-gourmet.de\/fr_fr\/produit\/saarland-deftig\/","title":{"rendered":"Buffet Saarland Auswahl"},"content":{"rendered":"","protected":false},"excerpt":{"rendered":"<h4>Plats traditionnels<\/h4>\n<p>Un peu de terroir pour votre catering. Des plats traditionnels et des entr\u00e9es consistantes, c'est ce que propose notre buffet Sarre - Deftig. L'entreprise Grunder Gourmet Partyservice und Eventcatering est originaire de la Sarre et utilise les vieilles recettes de grand-m\u00e8re et beaucoup de c\u0153ur pour g\u00e2ter vos invit\u00e9s avec des d\u00e9licatesses sarroises.<\/p>\n<p>HORS-D'OEUVRE : Petites escalopes | Boulettes de viande | Rouleaux d'asperges | Grunders<br \/>\nRohesser | Lyoner maison en anneau | \u0152ufs farcis de Bexbach | Betteraves rouges<br \/>\nCarpaccio avec vinaigrette aux noix | Muffins aux poireaux et au jambon avec dip aux herbes | Saumon fum\u00e9<br \/>\net filets de truite | Salade de pommes de terre au lard de grand-m\u00e8re | Salade de p\u00e2tes | Lyonnaise de Sarrebruck<br \/>\nSalade | Salade de concombres | Salade de carottes | Salade verte de Lisdorf avec vinaigrette maison<br \/>\nDIPS ET BACKWAREN : Cretons | Raifort \u00e0 la cr\u00e8me | Moutarde |<br \/>\nPain de campagne | Petits pains de f\u00eate<br \/>\nPLATS PRINCIPAUX Veuillez choisir deux plats principaux :<br \/>\n1. petits farcis et sauce \u00e0 la cr\u00e8me de lard avec l\u00e9gumes de saison<br \/>\n- ou - 2. b\u0153uf cuit avec sauce au raifort et pommes de terre saut\u00e9es<br \/>\navec des l\u00e9gumes de saison<br \/>\n- ou - 3. R\u00f4ti de cochon de lait avec une sauce consistante et des m\u00fbres \u00e0 la marjolaine<br \/>\navec des l\u00e9gumes de saison<br \/>\nCORBEILLE DE PAIN COLOR\u00c9 : Corbeille \u00e0 pain avec diff\u00e9rentes sortes de petits pains de f\u00eate<br \/>\nDESSERT : cr\u00e8me Merziger Viezcr\u00e8me avec morceaux de pommes marin\u00e9es |<br \/>\nSalade de fruits avec sauce \u00e0 la liqueur d'\u0153ufs | Plateau de fromage rustique avec fruits<\/p>\n<p>&nbsp;<\/p>\n<p>Si le nombre de personnes est diff\u00e9rent - nous vous prions d'utiliser notre formulaire de contact et de faire une demande individuelle.<\/p>","protected":false},"featured_media":8367,"template":"","meta":{"site-sidebar-layout":"no-sidebar","site-content-layout":"page-builder","ast-site-content-layout":"null","site-content-style":"null","site-sidebar-style":"null","ast-global-header-display":"","ast-banner-title-visibility":"","ast-main-header-display":"","ast-hfb-above-header-display":"","ast-hfb-below-header-display":"","ast-hfb-mobile-header-display":"","site-post-title":"disabled","ast-breadcrumbs-content":"","ast-featured-img":"disabled","footer-sml-layout":"","ast-disable-related-posts":"","theme-transparent-header-meta":"default","adv-header-id-meta":"","stick-header-meta":"default","header-above-stick-meta":"","header-main-stick-meta":"","header-below-stick-meta":"","astra-migrate-meta-layouts":"default","ast-page-background-enabled":"default","ast-page-background-meta":{"desktop":{"background-color":"","background-image":"","background-repeat":"repeat","background-position":"center center","background-size":"auto","background-attachment":"scroll","background-type":"","background-media":"","overlay-type":"","overlay-color":"","overlay-opacity":"","overlay-gradient":""},"tablet":{"background-color":"","background-image":"","background-repeat":"repeat","background-position":"center center","background-size":"auto","background-attachment":"scroll","background-type":"","background-media":"","overlay-type":"","overlay-color":"","overlay-opacity":"","overlay-gradient":""},"mobile":{"background-color":"","background-image":"","background-repeat":"repeat","background-position":"center center","background-size":"auto","background-attachment":"scroll","background-type":"","background-media":"","overlay-type":"","overlay-color":"","overlay-opacity":"","overlay-gradient":""}},"ast-content-background-meta":{"desktop":{"background-color":"var(--ast-global-color-5)","background-image":"","background-repeat":"repeat","background-position":"center center","background-size":"auto","background-attachment":"scroll","background-type":"","background-media":"","overlay-type":"","overlay-color":"","overlay-opacity":"","overlay-gradient":""},"tablet":{"background-color":"var(--ast-global-color-5)","background-image":"","background-repeat":"repeat","background-position":"center center","background-size":"auto","background-attachment":"scroll","background-type":"","background-media":"","overlay-type":"","overlay-color":"","overlay-opacity":"","overlay-gradient":""},"mobile":{"background-color":"var(--ast-global-color-5)","background-image":"","background-repeat":"repeat","background-position":"center center","background-size":"auto","background-attachment":"scroll","background-type":"","background-media":"","overlay-type":"","overlay-color":"","overlay-opacity":"","overlay-gradient":""}}},"product_brand":[],"product_cat":[51],"product_tag":[],"class_list":{"0":"post-9004","1":"product","2":"type-product","3":"status-publish","4":"has-post-thumbnail","6":"product_cat-katalog-buffets","7":"product_shipping_class-inklusive","8":"wcpa_has_options","9":"desktop-align-left","10":"tablet-align-left","11":"mobile-align-left","12":"ast-product-gallery-layout-horizontal-slider","13":"ast-product-gallery-with-no-image","14":"ast-magnify-disabled","15":"ast-product-single-variable","16":"ast-product-tabs-layout-horizontal","18":"first","19":"instock","20":"taxable","21":"shipping-taxable","22":"purchasable","23":"product-type-variable","24":"has-default-attributes"},"wcpa_form_fields":{"rules":{"pric_overide_base_price":false,"pric_overide_base_price_if_gt_zero":false,"pric_overide_base_price_fully":false,"pric_cal_option_once":false,"pric_use_as_fee":true,"bind_quantity":false,"quantity_bind_formula":false},"fields":[{"type":"checkbox-group","elementId":"wcpa-checkbox-group-1737972272544","label":"W\u00e4hlen Sie 2 Hauptgerichte","priceOptions":"different_for_all","pricingType":"fixed","name":"checkbox-group-1737972272544","min_options":"2","max_options":"2","other_text":"Other","cl_rule":"show","minFieldsError":"W\u00e4hlen Sie 2 Hauptgerichte","maxFieldsError":"W\u00e4hlen Sie maximal 2 Hauptgerichte","col":6,"values":[{"label":"Kleine Gef\u00fcllte und mit Speckrahmsauce mit Gem\u00fcse der Saison","value":"Kleine Gef\u00fcllte und mit Speckrahmsauce mit Gem\u00fcse der Saison","price":"","pimage":"","pimage_id":"","pthumb":""},{"label":"Gekochtes Rindfleisch mit Meerrettichsauce und Bratkartoffeln mit Gem\u00fcse der Saison","value":"Gekochtes Rindfleisch mit Meerrettichsauce und Bratkartoffeln mit Gem\u00fcse der Saison","price":"","pimage":"","pimage_id":"","pthumb":""},{"label":"Spanferkelbraten mit deftiger Sauce und Majoran-Grombeere mit Gem\u00fcse der Saison","value":"Spanferkelbraten mit deftiger Sauce und Majoran-Grombeere mit Gem\u00fcse der Saison","price":"","pimage":"","pimage_id":"","pthumb":""}],"relations":false,"form_id":9187,"form_rules":{"pric_cal_option_once":false,"exclude_from_discount":false,"pric_use_as_fee":false,"fee_label":"Geb\u00fchr","render_after_acb":false,"disp_hide_options_price":false}},{"type":"datetime-local","required":true,"elementId":"wcpa-datetime-local-601d1bfd16731","label":"Liefertermin mit Wunschzeit","placeholder":"W\u00e4hlen Sie Ihren Wunschtermin!","pricingType":"fixed","name":"datetime-local-601d1bfd16735","min_date":"None","max_date":"None","date_pic_conf":"{\n\"formatDate\":\"Y-m-d\",\n\"minDate\":\"+1970-01-05\",\n\"startDate\":\"+1970-01-05\",\n\"disabledDates\":[\"2023-04-16\",\"2023-04-23\",\"2023-12-26\",\"2023-12-24\",\"2023-12-25\"]\n}","enableCl":true,"cl_rule":"hide","operator":"and","col":6,"relations":[{"operator":false,"rules":[{"operator":"and","rules":{"cl_field":"wcpa-datetime-local-601d1bfd16731","cl_relation":"date_is","cl_val":""}},{"operator":"and","rules":{"cl_field":"wcpa-datetime-local-601d1bfd16731","cl_relation":"date_is","cl_val":""}},{"operator":false,"rules":{"cl_field":"wcpa-datetime-local-601d1bfd16731","cl_relation":"date_is","cl_val":""}}]}],"form_id":2838,"form_rules":{"pric_cal_option_once":false,"exclude_from_discount":false,"pric_use_as_fee":false,"fee_label":"Geb\u00fchr","render_after_acb":false,"disp_hide_options_price":false}},{"type":"checkbox-group","required":true,"elementId":"wcpa-checkbox-group-601a7d3d6fe20","label":"R\u00fcckgabe und Reinigung","description":"W\u00e4hlen Sie!","enablePrice":true,"priceOptions":"different_for_all","pricingType":"fixed","use_as_fee":true,"name":"checkbox-group-601a7d3d6fe24","other_text":"Other","enableCl":true,"cl_rule":"hide","cl_val":"60","col":6,"values":[{"label":"Leergut abholen","value":"Leergut abholen","price":"30","pimage":"","pimage_id":"","pthumb":""},{"label":"Leergut sp\u00fclen","value":"Leergut sp\u00fclen","price":"25","pimage":"","pimage_id":"","pthumb":""}],"relations":[{"operator":false,"rules":[{"operator":false,"rules":{"cl_field":"attribute","cl_relation":"pa_service","cl_val":"ohne-service"}}]}],"price":0,"form_id":2527,"form_rules":{"pric_cal_option_once":false,"exclude_from_discount":false,"pric_use_as_fee":false,"fee_label":"Geb\u00fchr","render_after_acb":false,"disp_hide_options_price":false}}]},"_links":{"self":[{"href":"https:\/\/shop.grunder-gourmet.de\/fr_fr\/wp-json\/wp\/v2\/product\/9004","targetHints":{"allow":["GET"]}}],"collection":[{"href":"https:\/\/shop.grunder-gourmet.de\/fr_fr\/wp-json\/wp\/v2\/product"}],"about":[{"href":"https:\/\/shop.grunder-gourmet.de\/fr_fr\/wp-json\/wp\/v2\/types\/product"}],"version-history":[{"count":2,"href":"https:\/\/shop.grunder-gourmet.de\/fr_fr\/wp-json\/wp\/v2\/product\/9004\/revisions"}],"predecessor-version":[{"id":9194,"href":"https:\/\/shop.grunder-gourmet.de\/fr_fr\/wp-json\/wp\/v2\/product\/9004\/revisions\/9194"}],"wp:featuredmedia":[{"embeddable":true,"href":"https:\/\/shop.grunder-gourmet.de\/fr_fr\/wp-json\/wp\/v2\/media\/8367"}],"wp:attachment":[{"href":"https:\/\/shop.grunder-gourmet.de\/fr_fr\/wp-json\/wp\/v2\/media?parent=9004"}],"wp:term":[{"taxonomy":"product_brand","embeddable":true,"href":"https:\/\/shop.grunder-gourmet.de\/fr_fr\/wp-json\/wp\/v2\/product_brand?post=9004"},{"taxonomy":"product_cat","embeddable":true,"href":"https:\/\/shop.grunder-gourmet.de\/fr_fr\/wp-json\/wp\/v2\/product_cat?post=9004"},{"taxonomy":"product_tag","embeddable":true,"href":"https:\/\/shop.grunder-gourmet.de\/fr_fr\/wp-json\/wp\/v2\/product_tag?post=9004"}],"curies":[{"name":"wp","href":"https:\/\/api.w.org\/{rel}","templated":true}]}}