{"id":9016,"date":"2021-02-05T10:14:15","date_gmt":"2021-02-05T09:14:15","guid":{"rendered":"https:\/\/shop.grunder-gourmet.de\/?post_type=product&#038;p=9016"},"modified":"2025-01-27T12:57:54","modified_gmt":"2025-01-27T11:57:54","slug":"elsass-buffet","status":"publish","type":"product","link":"https:\/\/shop.grunder-gourmet.de\/fr_fr\/produit\/elsass-buffet\/","title":{"rendered":"Buffet fran\u00e7ais"},"content":{"rendered":"","protected":false},"excerpt":{"rendered":"<h4>L'amiti\u00e9 franco-allemande \u00e0 savourer<\/h4>\n<p>&nbsp;<\/p>\n<p>HORS-D'OEUVRE : S\u00e9lection de terrines et de p\u00e2t\u00e9s | Assiette de poissons de diff\u00e9rentes sortes<br \/>\nPoisson fum\u00e9 et terrines de poisson | Crevette ros\u00e9e r\u00f4tie | Grillades m\u00e9diterran\u00e9ennes<br \/>\nL\u00e9gumes<br \/>\naux herbes de Provence | Brochettes de coq au vin | Bouch\u00e9es de quiche lorraine |<br \/>\nSalade de pommes de terre et de poireaux | Salade d'endives au fromage et aux raisins | Salade de m\u00e2che avec vinaigrette aux framboises<br \/>\n| Salade fine de fruits de mer | Salade de carottes<br \/>\nDIPS ET BACKWAREN : Sauce \u00e0 l'ail | Cr\u00e8me de raifort |<br \/>\nCr\u00e8me de Dijon \u00e0 la moutarde et au miel | Baguette<br \/>\nPRINCIPALES JUSTICES<br \/>\nVeuillez choisir deux plats principaux :<br \/>\n1. joues de porc brais\u00e9es<br \/>\navec des r\u00f6stis de pommes de terre gratin\u00e9s<br \/>\n- ou - 2. r\u00f4ti de veau farci de Toul<br \/>\navec des kn\u00f6pflis aux herbes<br \/>\n- ou - 3. filet de saumon avec sauce \u00e0 la cr\u00e8me \u00e0 l'aneth<br \/>\nRiz et l\u00e9gumes de saison<br \/>\nDESSERT : Mousse au Chocolat |<br \/>\nCr\u00e8me vanille avec compote de mirabelles givr\u00e9e |<br \/>\nS\u00e9lection de fromages fran\u00e7ais avec fruits<\/p>\n<p>Si le nombre de personnes est diff\u00e9rent - nous vous prions d'utiliser notre formulaire de contact et de faire une demande individuelle.<\/p>","protected":false},"featured_media":8402,"template":"","meta":{"site-sidebar-layout":"default","site-content-layout":"default","ast-site-content-layout":"null","site-content-style":"null","site-sidebar-style":"null","ast-global-header-display":"","ast-banner-title-visibility":"","ast-main-header-display":"","ast-hfb-above-header-display":"","ast-hfb-below-header-display":"","ast-hfb-mobile-header-display":"","site-post-title":"","ast-breadcrumbs-content":"","ast-featured-img":"","footer-sml-layout":"","ast-disable-related-posts":"","theme-transparent-header-meta":"default","adv-header-id-meta":"","stick-header-meta":"default","header-above-stick-meta":"","header-main-stick-meta":"","header-below-stick-meta":"","astra-migrate-meta-layouts":"default","ast-page-background-enabled":"default","ast-page-background-meta":{"desktop":{"background-color":"","background-image":"","background-repeat":"repeat","background-position":"center center","background-size":"auto","background-attachment":"scroll","background-type":"","background-media":"","overlay-type":"","overlay-color":"","overlay-opacity":"","overlay-gradient":""},"tablet":{"background-color":"","background-image":"","background-repeat":"repeat","background-position":"center center","background-size":"auto","background-attachment":"scroll","background-type":"","background-media":"","overlay-type":"","overlay-color":"","overlay-opacity":"","overlay-gradient":""},"mobile":{"background-color":"","background-image":"","background-repeat":"repeat","background-position":"center center","background-size":"auto","background-attachment":"scroll","background-type":"","background-media":"","overlay-type":"","overlay-color":"","overlay-opacity":"","overlay-gradient":""}},"ast-content-background-meta":{"desktop":{"background-color":"var(--ast-global-color-5)","background-image":"","background-repeat":"repeat","background-position":"center center","background-size":"auto","background-attachment":"scroll","background-type":"","background-media":"","overlay-type":"","overlay-color":"","overlay-opacity":"","overlay-gradient":""},"tablet":{"background-color":"var(--ast-global-color-5)","background-image":"","background-repeat":"repeat","background-position":"center center","background-size":"auto","background-attachment":"scroll","background-type":"","background-media":"","overlay-type":"","overlay-color":"","overlay-opacity":"","overlay-gradient":""},"mobile":{"background-color":"var(--ast-global-color-5)","background-image":"","background-repeat":"repeat","background-position":"center center","background-size":"auto","background-attachment":"scroll","background-type":"","background-media":"","overlay-type":"","overlay-color":"","overlay-opacity":"","overlay-gradient":""}}},"product_brand":[],"product_cat":[51],"product_tag":[],"class_list":{"0":"post-9016","1":"product","2":"type-product","3":"status-publish","4":"has-post-thumbnail","6":"product_cat-katalog-buffets","7":"product_shipping_class-inklusive","8":"wcpa_has_options","9":"desktop-align-left","10":"tablet-align-left","11":"mobile-align-left","12":"ast-product-gallery-layout-horizontal-slider","13":"ast-product-gallery-with-no-image","14":"ast-magnify-disabled","15":"ast-product-single-variable","16":"ast-product-tabs-layout-horizontal","18":"first","19":"instock","20":"taxable","21":"shipping-taxable","22":"purchasable","23":"product-type-variable","24":"has-default-attributes"},"wcpa_form_fields":{"rules":{"pric_overide_base_price":false,"pric_overide_base_price_if_gt_zero":false,"pric_overide_base_price_fully":false,"pric_cal_option_once":false,"pric_use_as_fee":true,"bind_quantity":false,"quantity_bind_formula":false},"fields":[{"type":"checkbox-group","elementId":"wcpa-checkbox-group-1737977313120","label":"W\u00e4hlen Sie 2 Hauptgerichte","priceOptions":"different_for_all","pricingType":"fixed","name":"checkbox-group-1737977313120","min_options":"2","max_options":"2","other_text":"Other","cl_rule":"show","minFieldsError":"W\u00e4hlen Sie 2 Hauptgerichte","maxFieldsError":"W\u00e4hlen Sie maximal 2 Hauptgerichte","col":6,"values":[{"label":"Geschmorte Schweineb\u00e4ckchen mit \u00fcberbackenen Kartoffelr\u00f6sti","value":"Geschmorte Schweineb\u00e4ckchen mit \u00fcberbackenen Kartoffelr\u00f6sti","price":"","pimage":"","pimage_id":"","pthumb":""},{"label":" Gef\u00fcllter Kalbsbraten de Toul mit Kr\u00e4uterkn\u00f6pflis","value":" Gef\u00fcllter Kalbsbraten de Toul mit Kr\u00e4uterkn\u00f6pflis","price":"","pimage":"","pimage_id":"","pthumb":""},{"label":"Lachsfilet mit Dillrahmsauce Reis und Gem\u00fcse der Saison","value":"Lachsfilet mit Dillrahmsauce Reis und Gem\u00fcse der Saison","price":"","pimage":"","pimage_id":"","pthumb":""}],"relations":false,"form_id":9193,"form_rules":{"pric_cal_option_once":false,"exclude_from_discount":false,"pric_use_as_fee":false,"fee_label":"Geb\u00fchr","render_after_acb":false,"disp_hide_options_price":false}},{"type":"datetime-local","required":true,"elementId":"wcpa-datetime-local-601d1bfd16731","label":"Liefertermin mit Wunschzeit","placeholder":"W\u00e4hlen Sie Ihren Wunschtermin!","pricingType":"fixed","name":"datetime-local-601d1bfd16735","min_date":"None","max_date":"None","date_pic_conf":"{\n\"formatDate\":\"Y-m-d\",\n\"minDate\":\"+1970-01-05\",\n\"startDate\":\"+1970-01-05\",\n\"disabledDates\":[\"2023-04-16\",\"2023-04-23\",\"2023-12-26\",\"2023-12-24\",\"2023-12-25\"]\n}","enableCl":true,"cl_rule":"hide","operator":"and","col":6,"relations":[{"operator":false,"rules":[{"operator":"and","rules":{"cl_field":"wcpa-datetime-local-601d1bfd16731","cl_relation":"date_is","cl_val":""}},{"operator":"and","rules":{"cl_field":"wcpa-datetime-local-601d1bfd16731","cl_relation":"date_is","cl_val":""}},{"operator":false,"rules":{"cl_field":"wcpa-datetime-local-601d1bfd16731","cl_relation":"date_is","cl_val":""}}]}],"form_id":2838,"form_rules":{"pric_cal_option_once":false,"exclude_from_discount":false,"pric_use_as_fee":false,"fee_label":"Geb\u00fchr","render_after_acb":false,"disp_hide_options_price":false}},{"type":"checkbox-group","required":true,"elementId":"wcpa-checkbox-group-601a7d3d6fe20","label":"R\u00fcckgabe und Reinigung","description":"W\u00e4hlen Sie!","enablePrice":true,"priceOptions":"different_for_all","pricingType":"fixed","use_as_fee":true,"name":"checkbox-group-601a7d3d6fe24","other_text":"Other","enableCl":true,"cl_rule":"hide","cl_val":"60","col":6,"values":[{"label":"Leergut abholen","value":"Leergut abholen","price":"30","pimage":"","pimage_id":"","pthumb":""},{"label":"Leergut sp\u00fclen","value":"Leergut sp\u00fclen","price":"25","pimage":"","pimage_id":"","pthumb":""}],"relations":[{"operator":false,"rules":[{"operator":false,"rules":{"cl_field":"attribute","cl_relation":"pa_service","cl_val":"ohne-service"}}]}],"price":0,"form_id":2527,"form_rules":{"pric_cal_option_once":false,"exclude_from_discount":false,"pric_use_as_fee":false,"fee_label":"Geb\u00fchr","render_after_acb":false,"disp_hide_options_price":false}}]},"_links":{"self":[{"href":"https:\/\/shop.grunder-gourmet.de\/fr_fr\/wp-json\/wp\/v2\/product\/9016","targetHints":{"allow":["GET"]}}],"collection":[{"href":"https:\/\/shop.grunder-gourmet.de\/fr_fr\/wp-json\/wp\/v2\/product"}],"about":[{"href":"https:\/\/shop.grunder-gourmet.de\/fr_fr\/wp-json\/wp\/v2\/types\/product"}],"version-history":[{"count":1,"href":"https:\/\/shop.grunder-gourmet.de\/fr_fr\/wp-json\/wp\/v2\/product\/9016\/revisions"}],"predecessor-version":[{"id":9017,"href":"https:\/\/shop.grunder-gourmet.de\/fr_fr\/wp-json\/wp\/v2\/product\/9016\/revisions\/9017"}],"wp:featuredmedia":[{"embeddable":true,"href":"https:\/\/shop.grunder-gourmet.de\/fr_fr\/wp-json\/wp\/v2\/media\/8402"}],"wp:attachment":[{"href":"https:\/\/shop.grunder-gourmet.de\/fr_fr\/wp-json\/wp\/v2\/media?parent=9016"}],"wp:term":[{"taxonomy":"product_brand","embeddable":true,"href":"https:\/\/shop.grunder-gourmet.de\/fr_fr\/wp-json\/wp\/v2\/product_brand?post=9016"},{"taxonomy":"product_cat","embeddable":true,"href":"https:\/\/shop.grunder-gourmet.de\/fr_fr\/wp-json\/wp\/v2\/product_cat?post=9016"},{"taxonomy":"product_tag","embeddable":true,"href":"https:\/\/shop.grunder-gourmet.de\/fr_fr\/wp-json\/wp\/v2\/product_tag?post=9016"}],"curies":[{"name":"wp","href":"https:\/\/api.w.org\/{rel}","templated":true}]}}