{"id":9034,"date":"2021-02-10T10:36:33","date_gmt":"2021-02-10T09:36:33","guid":{"rendered":"https:\/\/shop.grunder-gourmet.de\/?post_type=product&#038;p=9034"},"modified":"2025-01-27T15:31:34","modified_gmt":"2025-01-27T14:31:34","slug":"brunch-buffet-gourmet","status":"publish","type":"product","link":"https:\/\/shop.grunder-gourmet.de\/fr_fr\/produit\/brunch-buffet-gourmet\/","title":{"rendered":"Brunch-Buffet &#8222;Gourmet&#8220;"},"content":{"rendered":"","protected":false},"excerpt":{"rendered":"<h4>Die kulinarische Verbindung von Fr\u00fchst\u00fcck und Mittagessen<\/h4>\n<p>Nicht nur Fr\u00fchst\u00fcck sondern auch Mittagessen. Nicht nur im Saarland bekannt als: Brunch. Das Gourmet Brunch Buffet von Grunder Gourmet Party- und Eventcatering bietet eine leckere Kombination aus klassischen Fr\u00fchst\u00fcckspeisen und warmen Gerichten. Verschiedene Salate und S\u00fc\u00dfspeisen runden dieses Catering perfekt ab!<\/p>\n<p><strong>KALTE LECKEREIEN:\u00a0<\/strong>Gegrillte H\u00e4hnchenunterkeulen mit Kr\u00e4utern und K\u00e4se | R\u00e4ucherlachsr\u00f6llchen mit Frischk\u00e4sef\u00fcllung | Scampi im Kartoffelnest | Gurkenscheiben mit Thunfisch-Cr\u00e8me | Kleine Schnitzelchen mit\u00a0 herzhafter Garnitur | Marinierte Hackfleischb\u00e4llchen mit\u00a0 Pflaumensauce | Gef\u00fcllter Spanferkelr\u00fccken | Bauernschinken | Chicoreeschiffchen mit Schweiner\u00fccken auf\u00a0 Waldorfsalat | Garnelenspie\u00dfe mit Ananas | Parmaschinken mit Melonenspalten | Schinkenr\u00f6llchen mit Spargel | Gef\u00fcllte Eier [saisonal] | Marinierte Oliven | Gegrillte Paprika und Zwiebeln | Mango und Papaya mit Mozzarella<\/p>\n<p><strong>SALATE:\u00a0<\/strong>Crevettencocktail |\u00a0Tomatensalat |\u00a0 Gurkensalat | \u00a0Farmersalat | Kartoffelsalat | Nudelsalat | Hirtensalat mit Schafsk\u00e4se | Bunter Blattsalat mit Hausdressing<\/p>\n<p><strong>BUTTER &amp; DIPSAUCEN:\u00a0<\/strong>Butter, Marmelade und Ihre Dipsaucen<\/p>\n<p><strong>WARME SPEISEN:\u00a0<\/strong>R\u00fchrei mit Speck | R\u00fchrei mit Schnittlauch | Tortelloni mit Ricottaf\u00fcllung an Kr\u00e4utersauce &#8211; dazu frischer Parmesan<\/p>\n<p><strong>BUTTER &amp; DIPSAUCEN:\u00a0<\/strong>Dazu servieren wir Butter und verschiedene leckere Dipsaucen<\/p>\n<p><strong>Als drittes Hauptgericht w\u00e4hlen Sie bitte:<\/strong><br \/>\nTranchen von der H\u00e4hnchenbrust auf buntem Gem\u00fcsebett &#8211; dazu Schupfnudeln &#8211; oder &#8211; Scheiben vom Jungschweinr\u00fccken auf Senfkr\u00e4utermarinade &#8211; dazu Marktgem\u00fcse und Kartoffelgratin<\/p>\n<p><strong>BUNTER BROTKORB:\u00a0<\/strong>Brotkorb mit verschiedenen Sorten Partybr\u00f6tchen | Croissants | Bauernbrot<\/p>\n<p><strong>DESSERT:\u00a0<\/strong>Moussevariation in Gl\u00e4schen und T\u00e4sschen |\u00a0Internationales K\u00e4sebrett, mit Fr\u00fcchten garniert<\/p>\n<p>&nbsp;<\/p>\n<p>Bei abweichenden Personenzahlen nach unten \u2013 bitten wir Sie unser Kontaktformular zu verwenden und daf\u00fcr eine individuelle Anfrage zu stellen.<\/p>\n","protected":false},"featured_media":7995,"template":"","meta":{"site-sidebar-layout":"default","site-content-layout":"default","ast-site-content-layout":"null","site-content-style":"null","site-sidebar-style":"null","ast-global-header-display":"","ast-banner-title-visibility":"","ast-main-header-display":"","ast-hfb-above-header-display":"","ast-hfb-below-header-display":"","ast-hfb-mobile-header-display":"","site-post-title":"","ast-breadcrumbs-content":"","ast-featured-img":"","footer-sml-layout":"","ast-disable-related-posts":"","theme-transparent-header-meta":"default","adv-header-id-meta":"","stick-header-meta":"default","header-above-stick-meta":"","header-main-stick-meta":"","header-below-stick-meta":"","astra-migrate-meta-layouts":"default","ast-page-background-enabled":"default","ast-page-background-meta":{"desktop":{"background-color":"","background-image":"","background-repeat":"repeat","background-position":"center center","background-size":"auto","background-attachment":"scroll","background-type":"","background-media":"","overlay-type":"","overlay-color":"","overlay-opacity":"","overlay-gradient":""},"tablet":{"background-color":"","background-image":"","background-repeat":"repeat","background-position":"center center","background-size":"auto","background-attachment":"scroll","background-type":"","background-media":"","overlay-type":"","overlay-color":"","overlay-opacity":"","overlay-gradient":""},"mobile":{"background-color":"","background-image":"","background-repeat":"repeat","background-position":"center center","background-size":"auto","background-attachment":"scroll","background-type":"","background-media":"","overlay-type":"","overlay-color":"","overlay-opacity":"","overlay-gradient":""}},"ast-content-background-meta":{"desktop":{"background-color":"var(--ast-global-color-5)","background-image":"","background-repeat":"repeat","background-position":"center center","background-size":"auto","background-attachment":"scroll","background-type":"","background-media":"","overlay-type":"","overlay-color":"","overlay-opacity":"","overlay-gradient":""},"tablet":{"background-color":"var(--ast-global-color-5)","background-image":"","background-repeat":"repeat","background-position":"center center","background-size":"auto","background-attachment":"scroll","background-type":"","background-media":"","overlay-type":"","overlay-color":"","overlay-opacity":"","overlay-gradient":""},"mobile":{"background-color":"var(--ast-global-color-5)","background-image":"","background-repeat":"repeat","background-position":"center center","background-size":"auto","background-attachment":"scroll","background-type":"","background-media":"","overlay-type":"","overlay-color":"","overlay-opacity":"","overlay-gradient":""}}},"product_brand":[],"product_cat":[51],"product_tag":[],"class_list":{"0":"post-9034","1":"product","2":"type-product","3":"status-publish","4":"has-post-thumbnail","6":"product_cat-katalog-buffets","7":"product_shipping_class-inklusive","8":"wcpa_has_options","9":"desktop-align-left","10":"tablet-align-left","11":"mobile-align-left","12":"ast-product-gallery-layout-horizontal-slider","13":"ast-product-gallery-with-no-image","14":"ast-magnify-disabled","15":"ast-product-single-variable","16":"ast-product-tabs-layout-horizontal","18":"first","19":"instock","20":"taxable","21":"shipping-taxable","22":"purchasable","23":"product-type-variable","24":"has-default-attributes"},"wcpa_form_fields":{"rules":{"pric_overide_base_price":false,"pric_overide_base_price_if_gt_zero":false,"pric_overide_base_price_fully":false,"pric_cal_option_once":false,"pric_use_as_fee":true,"bind_quantity":false,"quantity_bind_formula":false},"fields":[{"type":"select","required":true,"elementId":"wcpa-select-6023adfe05754","label":"Als drittes Hauptgericht w\u00e4hlen Sie bitte","priceOptions":"different_for_all","pricingType":"fixed","className":"form-control","name":"select-6023adfe0575b","cl_rule":"show","col":6,"values":[{"label":"Tranchen von der H\u00e4hnchenbrust auf buntem Gem\u00fcsebett - dazu Schupfnudeln","value":"Tranchen von der H\u00e4hnchenbrust auf buntem Gem\u00fcsebett - dazu Schupfnudeln","price":"","pimage":"","pimage_id":"","pthumb":""},{"label":"Scheiben vom Jungschweinr\u00fccken auf Senfkr\u00e4utermarinade - dazu Marktgem\u00fcse und Kartoffelgratin","value":"Scheiben vom Jungschweinr\u00fccken auf Senfkr\u00e4utermarinade - dazu Marktgem\u00fcse und Kartoffelgratin","price":"","pimage":"","pimage_id":"","pthumb":""}],"relations":false,"form_id":2954,"form_rules":{"pric_cal_option_once":false,"exclude_from_discount":false,"pric_use_as_fee":false,"fee_label":"Geb\u00fchr","render_after_acb":false,"disp_hide_options_price":false}},{"type":"checkbox-group","required":true,"elementId":"wcpa-checkbox-group-6023adfe0576c","label":"R\u00fcckgabe und Reinigung","description":"W\u00e4hlen Sie!","enablePrice":true,"priceOptions":"different_for_all","pricingType":"fixed","use_as_fee":true,"name":"checkbox-group-6023adfe05771","other_text":"Other","enableCl":true,"cl_rule":"hide","cl_val":"60","col":6,"values":[{"label":"Leergut abholen","value":"Leergut abholen","price":"30","pimage":"","pimage_id":"","pthumb":""},{"label":"Leergut sp\u00fclen","value":"Leergut sp\u00fclen","price":"25","pimage":"","pimage_id":"","pthumb":""}],"relations":[{"operator":false,"rules":[{"operator":false,"rules":{"cl_field":"attribute","cl_relation":"pa_service","cl_val":"ohne-service"}}]}],"price":0,"form_id":2954,"form_rules":{"pric_cal_option_once":false,"exclude_from_discount":false,"pric_use_as_fee":false,"fee_label":"Geb\u00fchr","render_after_acb":false,"disp_hide_options_price":false}},{"type":"datetime-local","required":true,"elementId":"wcpa-datetime-local-601d1bfd16731","label":"Liefertermin mit Wunschzeit","placeholder":"W\u00e4hlen Sie Ihren Wunschtermin!","pricingType":"fixed","name":"datetime-local-601d1bfd16735","min_date":"None","max_date":"None","date_pic_conf":"{\n\"formatDate\":\"Y-m-d\",\n\"minDate\":\"+1970-01-05\",\n\"startDate\":\"+1970-01-05\",\n\"disabledDates\":[\"2023-04-16\",\"2023-04-23\",\"2023-12-26\",\"2023-12-24\",\"2023-12-25\"]\n}","enableCl":true,"cl_rule":"hide","operator":"and","col":6,"relations":[{"operator":false,"rules":[{"operator":"and","rules":{"cl_field":"wcpa-datetime-local-601d1bfd16731","cl_relation":"date_is","cl_val":""}},{"operator":"and","rules":{"cl_field":"wcpa-datetime-local-601d1bfd16731","cl_relation":"date_is","cl_val":""}},{"operator":false,"rules":{"cl_field":"wcpa-datetime-local-601d1bfd16731","cl_relation":"date_is","cl_val":""}}]}],"form_id":2838,"form_rules":{"pric_cal_option_once":false,"exclude_from_discount":false,"pric_use_as_fee":false,"fee_label":"Geb\u00fchr","render_after_acb":false,"disp_hide_options_price":false}},{"type":"checkbox-group","required":true,"elementId":"wcpa-checkbox-group-601a7d3d6fe20","label":"R\u00fcckgabe und Reinigung","description":"W\u00e4hlen Sie!","enablePrice":true,"priceOptions":"different_for_all","pricingType":"fixed","use_as_fee":true,"name":"checkbox-group-601a7d3d6fe24","other_text":"Other","enableCl":true,"cl_rule":"hide","cl_val":"60","col":6,"values":[{"label":"Leergut abholen","value":"Leergut abholen","price":"30","pimage":"","pimage_id":"","pthumb":""},{"label":"Leergut sp\u00fclen","value":"Leergut sp\u00fclen","price":"25","pimage":"","pimage_id":"","pthumb":""}],"relations":[{"operator":false,"rules":[{"operator":false,"rules":{"cl_field":"attribute","cl_relation":"pa_service","cl_val":"ohne-service"}}]}],"price":0,"form_id":2527,"form_rules":{"pric_cal_option_once":false,"exclude_from_discount":false,"pric_use_as_fee":false,"fee_label":"Geb\u00fchr","render_after_acb":false,"disp_hide_options_price":false}}]},"_links":{"self":[{"href":"https:\/\/shop.grunder-gourmet.de\/fr_fr\/wp-json\/wp\/v2\/product\/9034","targetHints":{"allow":["GET"]}}],"collection":[{"href":"https:\/\/shop.grunder-gourmet.de\/fr_fr\/wp-json\/wp\/v2\/product"}],"about":[{"href":"https:\/\/shop.grunder-gourmet.de\/fr_fr\/wp-json\/wp\/v2\/types\/product"}],"version-history":[{"count":1,"href":"https:\/\/shop.grunder-gourmet.de\/fr_fr\/wp-json\/wp\/v2\/product\/9034\/revisions"}],"predecessor-version":[{"id":9035,"href":"https:\/\/shop.grunder-gourmet.de\/fr_fr\/wp-json\/wp\/v2\/product\/9034\/revisions\/9035"}],"wp:featuredmedia":[{"embeddable":true,"href":"https:\/\/shop.grunder-gourmet.de\/fr_fr\/wp-json\/wp\/v2\/media\/7995"}],"wp:attachment":[{"href":"https:\/\/shop.grunder-gourmet.de\/fr_fr\/wp-json\/wp\/v2\/media?parent=9034"}],"wp:term":[{"taxonomy":"product_brand","embeddable":true,"href":"https:\/\/shop.grunder-gourmet.de\/fr_fr\/wp-json\/wp\/v2\/product_brand?post=9034"},{"taxonomy":"product_cat","embeddable":true,"href":"https:\/\/shop.grunder-gourmet.de\/fr_fr\/wp-json\/wp\/v2\/product_cat?post=9034"},{"taxonomy":"product_tag","embeddable":true,"href":"https:\/\/shop.grunder-gourmet.de\/fr_fr\/wp-json\/wp\/v2\/product_tag?post=9034"}],"curies":[{"name":"wp","href":"https:\/\/api.w.org\/{rel}","templated":true}]}}