{"id":9050,"date":"2021-02-24T12:18:20","date_gmt":"2021-02-24T11:18:20","guid":{"rendered":"https:\/\/shop.grunder-gourmet.de\/?post_type=product&#038;p=9050"},"modified":"2025-01-27T15:26:20","modified_gmt":"2025-01-27T14:26:20","slug":"edles-fingerfood-buffet","status":"publish","type":"product","link":"https:\/\/shop.grunder-gourmet.de\/fr_fr\/produit\/edles-fingerfood-buffet\/","title":{"rendered":"Buffet noble de fingerfood"},"content":{"rendered":"","protected":false},"excerpt":{"rendered":"<h4>Pour les occasions festives avec bar \u00e0 l'assiette - fra\u00eechement servi sur place<\/h4>\n<p>&nbsp;<\/p>\n<p><strong>FINGERFOOD DU BUFFET :\u00a0<\/strong>Mini-brioche avec parfait de foie de poulet de Bliestal et chutney de mirabelles | Canap\u00e9 de pommes de terre avec salade d'algues et crevettes | Cuill\u00e8res de pommes de terre cuites au four enrob\u00e9es de lard et farcies de parmesan | Cr\u00eapes de betteraves rouges avec mousse de truite fum\u00e9e | Tandoori Brochette de poulet avec dip au yaourt et au gingembre et graines de coriandre en verrine | Salade grecque paysanne avec abricots enrob\u00e9s de lard | Italienne de courgettes au fromage de brebis aux herbes | Magret de canard r\u00f4ti aux ar\u00f4mes de grains de caf\u00e9, Lime, piment et poivre | Filet de saumon marin\u00e9 au sirop d'\u00e9rable et raifort \u00e0 la pomme | Praline de poulet enrob\u00e9e de graines de courge au piment | Salade d'herbes sauvages avec boulettes de fromage frais et de noix | Rouleaux de saltimbocca de poitrine de poulet dans une trempette de sauge<\/p>\n<p><strong>DU BAR DE L'ASSIETTE FRA\u00ceCHEMENT PR\u00c9PAR\u00c9 SUR PLACE : <\/strong>Poitrine de poulet marin\u00e9e sur rago\u00fbt de tomates et polenta \u00e0 la sauge | Filet de fl\u00e9tan cuit \u00e0 la vapeur avec pesto de noix et roquette et riz au parmesan - ou - Coquille Saint-Jacques \u00e0 l'orange et \u00e0 la citronnelle sur salade d'algues avec mousse de soja | P\u00e2tes au magret de canard, thym et abricot - ou - Orecchiette avec rago\u00fbt d'agneau au Marsala, tomate et parmesan - ou - Spaghettini cr\u00e9meux avec saut\u00e9 aux herbes, croustillant de sauge et tomate au four<\/p>\n<p><strong>VARIATIONS DE DESSERT :<\/strong> Tiramisu aux fraises avec sauce \u00e0 la vanille et aux amandes | Tartelette \u00e0 la mousse de mangue avec noyau de panna cotta | Sandwich croustillant au chocolat avec salade d'ananas et de menthe | Salade de fruits frais \u00e0 la menthe | Nobles fourr\u00e9s au fromage avec confiserie \u00e0 la saumure<\/p>\n<p>&nbsp;<\/p>\n<p><em>Nous calculons par personne 2 parts de canap\u00e9s, 2x de salade, 6 parts de fingerfood, 3 petites assiettes chaudes et 2 desserts. Plus les frais de logistique et les frais de personnel selon les d\u00e9penses pour les cuisiniers pour le dressage de 41,65 \u20ac TTC par cuisinier et par heure, \u00e9quipement compris. Valeur empirique : pour 50 personnes, 2 cuisiniers sont n\u00e9cessaires pour 3 \u00e0 4 heures.<\/em><\/p>\n<p>&nbsp;<\/p>\n<p>&nbsp;<\/p>","protected":false},"featured_media":9172,"template":"","meta":{"site-sidebar-layout":"default","site-content-layout":"default","ast-site-content-layout":"default","site-content-style":"default","site-sidebar-style":"default","ast-global-header-display":"","ast-banner-title-visibility":"","ast-main-header-display":"","ast-hfb-above-header-display":"","ast-hfb-below-header-display":"","ast-hfb-mobile-header-display":"","site-post-title":"","ast-breadcrumbs-content":"","ast-featured-img":"","footer-sml-layout":"","ast-disable-related-posts":"","theme-transparent-header-meta":"default","adv-header-id-meta":"","stick-header-meta":"default","header-above-stick-meta":"","header-main-stick-meta":"","header-below-stick-meta":"","astra-migrate-meta-layouts":"default","ast-page-background-enabled":"default","ast-page-background-meta":{"desktop":{"background-color":"","background-image":"","background-repeat":"repeat","background-position":"center center","background-size":"auto","background-attachment":"scroll","background-type":"","background-media":"","overlay-type":"","overlay-color":"","overlay-opacity":"","overlay-gradient":""},"tablet":{"background-color":"","background-image":"","background-repeat":"repeat","background-position":"center center","background-size":"auto","background-attachment":"scroll","background-type":"","background-media":"","overlay-type":"","overlay-color":"","overlay-opacity":"","overlay-gradient":""},"mobile":{"background-color":"","background-image":"","background-repeat":"repeat","background-position":"center center","background-size":"auto","background-attachment":"scroll","background-type":"","background-media":"","overlay-type":"","overlay-color":"","overlay-opacity":"","overlay-gradient":""}},"ast-content-background-meta":{"desktop":{"background-color":"var(--ast-global-color-5)","background-image":"","background-repeat":"repeat","background-position":"center center","background-size":"auto","background-attachment":"scroll","background-type":"","background-media":"","overlay-type":"","overlay-color":"","overlay-opacity":"","overlay-gradient":""},"tablet":{"background-color":"var(--ast-global-color-5)","background-image":"","background-repeat":"repeat","background-position":"center center","background-size":"auto","background-attachment":"scroll","background-type":"","background-media":"","overlay-type":"","overlay-color":"","overlay-opacity":"","overlay-gradient":""},"mobile":{"background-color":"var(--ast-global-color-5)","background-image":"","background-repeat":"repeat","background-position":"center center","background-size":"auto","background-attachment":"scroll","background-type":"","background-media":"","overlay-type":"","overlay-color":"","overlay-opacity":"","overlay-gradient":""}}},"product_brand":[],"product_cat":[86],"product_tag":[],"class_list":{"0":"post-9050","1":"product","2":"type-product","3":"status-publish","4":"has-post-thumbnail","6":"product_cat-fingerfood","7":"product_shipping_class-inklusive","8":"wcpa_has_options","9":"desktop-align-left","10":"tablet-align-left","11":"mobile-align-left","12":"ast-product-gallery-layout-horizontal-slider","13":"ast-product-gallery-with-no-image","14":"ast-magnify-disabled","15":"ast-product-single-variable","16":"ast-product-tabs-layout-horizontal","18":"first","19":"instock","20":"taxable","21":"shipping-taxable","22":"purchasable","23":"product-type-variable"},"wcpa_form_fields":{"rules":{"pric_overide_base_price":false,"pric_overide_base_price_if_gt_zero":false,"pric_overide_base_price_fully":false,"pric_cal_option_once":false,"pric_use_as_fee":true,"bind_quantity":false,"quantity_bind_formula":false},"fields":[{"type":"datetime-local","required":true,"elementId":"wcpa-datetime-local-601d1bfd16731","label":"Liefertermin mit Wunschzeit","placeholder":"W\u00e4hlen Sie Ihren Wunschtermin!","pricingType":"fixed","name":"datetime-local-601d1bfd16735","min_date":"None","max_date":"None","date_pic_conf":"{\n\"formatDate\":\"Y-m-d\",\n\"minDate\":\"+1970-01-05\",\n\"startDate\":\"+1970-01-05\",\n\"disabledDates\":[\"2023-04-16\",\"2023-04-23\",\"2023-12-26\",\"2023-12-24\",\"2023-12-25\"]\n}","enableCl":true,"cl_rule":"hide","operator":"and","col":6,"relations":[{"operator":false,"rules":[{"operator":"and","rules":{"cl_field":"wcpa-datetime-local-601d1bfd16731","cl_relation":"date_is","cl_val":""}},{"operator":"and","rules":{"cl_field":"wcpa-datetime-local-601d1bfd16731","cl_relation":"date_is","cl_val":""}},{"operator":false,"rules":{"cl_field":"wcpa-datetime-local-601d1bfd16731","cl_relation":"date_is","cl_val":""}}]}],"form_id":2838,"form_rules":{"pric_cal_option_once":false,"exclude_from_discount":false,"pric_use_as_fee":false,"fee_label":"Geb\u00fchr","render_after_acb":false,"disp_hide_options_price":false}},{"type":"checkbox-group","required":true,"elementId":"wcpa-checkbox-group-601a7d3d6fe20","label":"R\u00fcckgabe und Reinigung","description":"W\u00e4hlen Sie!","enablePrice":true,"priceOptions":"different_for_all","pricingType":"fixed","use_as_fee":true,"name":"checkbox-group-601a7d3d6fe24","other_text":"Other","enableCl":true,"cl_rule":"hide","cl_val":"60","col":6,"values":[{"label":"Leergut abholen","value":"Leergut abholen","price":"30","pimage":"","pimage_id":"","pthumb":""},{"label":"Leergut sp\u00fclen","value":"Leergut sp\u00fclen","price":"25","pimage":"","pimage_id":"","pthumb":""}],"relations":[{"operator":false,"rules":[{"operator":false,"rules":{"cl_field":"attribute","cl_relation":"pa_service","cl_val":"ohne-service"}}]}],"price":0,"form_id":2527,"form_rules":{"pric_cal_option_once":false,"exclude_from_discount":false,"pric_use_as_fee":false,"fee_label":"Geb\u00fchr","render_after_acb":false,"disp_hide_options_price":false}}]},"_links":{"self":[{"href":"https:\/\/shop.grunder-gourmet.de\/fr_fr\/wp-json\/wp\/v2\/product\/9050","targetHints":{"allow":["GET"]}}],"collection":[{"href":"https:\/\/shop.grunder-gourmet.de\/fr_fr\/wp-json\/wp\/v2\/product"}],"about":[{"href":"https:\/\/shop.grunder-gourmet.de\/fr_fr\/wp-json\/wp\/v2\/types\/product"}],"version-history":[{"count":1,"href":"https:\/\/shop.grunder-gourmet.de\/fr_fr\/wp-json\/wp\/v2\/product\/9050\/revisions"}],"predecessor-version":[{"id":9051,"href":"https:\/\/shop.grunder-gourmet.de\/fr_fr\/wp-json\/wp\/v2\/product\/9050\/revisions\/9051"}],"wp:featuredmedia":[{"embeddable":true,"href":"https:\/\/shop.grunder-gourmet.de\/fr_fr\/wp-json\/wp\/v2\/media\/9172"}],"wp:attachment":[{"href":"https:\/\/shop.grunder-gourmet.de\/fr_fr\/wp-json\/wp\/v2\/media?parent=9050"}],"wp:term":[{"taxonomy":"product_brand","embeddable":true,"href":"https:\/\/shop.grunder-gourmet.de\/fr_fr\/wp-json\/wp\/v2\/product_brand?post=9050"},{"taxonomy":"product_cat","embeddable":true,"href":"https:\/\/shop.grunder-gourmet.de\/fr_fr\/wp-json\/wp\/v2\/product_cat?post=9050"},{"taxonomy":"product_tag","embeddable":true,"href":"https:\/\/shop.grunder-gourmet.de\/fr_fr\/wp-json\/wp\/v2\/product_tag?post=9050"}],"curies":[{"name":"wp","href":"https:\/\/api.w.org\/{rel}","templated":true}]}}