{"id":9056,"date":"2021-07-01T10:21:41","date_gmt":"2021-07-01T08:21:41","guid":{"rendered":"https:\/\/shop.grunder-gourmet.de\/?post_type=product&#038;p=9056"},"modified":"2025-01-27T15:37:06","modified_gmt":"2025-01-27T14:37:06","slug":"grillbuffet-gourmet","status":"publish","type":"product","link":"https:\/\/shop.grunder-gourmet.de\/fr_fr\/produit\/grillbuffet-gourmet\/","title":{"rendered":"Buffet de grillades \"Gourmet"},"content":{"rendered":"","protected":false},"excerpt":{"rendered":"<h4>Fingerfood-Buffet mit frisch gegrillten K\u00f6stlichkeiten<\/h4>\n<p>VORSPEISENLECKEREIEN: Garnelen im Teigmantel mit Dip | Schinkenpralinchen |<br \/>\nR\u00e4ucherlachspralinchen | Melonen mit Parmaschinken | marinierte Gem\u00fcsespie\u00dfe |<br \/>\ngebratene Honig-H\u00fchnchenspie\u00dfe | Frischk\u00e4secronches mit getrockneten Tomaten<br \/>\nund Salbei | Mini-Wraps mit H\u00fchnchenf\u00fcllung in versch. Geschmacksrichtungen |<br \/>\nmarinierte Fleischb\u00e4llchen mit versch. Dipsaucen | panierte Krebsscheren | Feigen im<br \/>\nSpeckmantel | Mini Quiche Lorraine | marinierter gr\u00fcner Spargel mit ger\u00f6steten Pinienkernen<br \/>\n| Bergk\u00e4se-Lauchk\u00fcchlein mit Petersilien-Schmand | Auberginenr\u00f6llchen mit<br \/>\ngeschmorten Kirschtomaten<br \/>\nDIPS, BUTTER &amp; BACKWAREN: Versch. Brotsorten &amp; frische Partybr\u00f6tchen |<br \/>\nSchmalzt\u00f6pfchen | Gesalzene Butter | Fruchtige Tomatenbutter und passende Dipsaucen<br \/>\nSALATE: Wassermelonen-Feta-Salat | Paprika-Zucchini-Salat | Tomaten-Brot-Salat<br \/>\nmit gr\u00fcnem Spargel | Gurkensalat mit Joghurt und Minze | Gemischter gr\u00fcner<br \/>\nSalat<br \/>\nmit Mango Dressing (Zwiebel, Mango, Granatapfel, Chili) | Rucola mit Parmesan-Nussdressing<br \/>\n| Pastasalat mit R\u00e4ucherlachs | Insalata Caprese (Tomate mit Mozzarella<br \/>\nund Rucola)<br \/>\nFRISCH VOM GRILL: Versch. Sorten Grillw\u00fcrstchen [z.B. Merguez, K\u00e4sew\u00fcrstchen] |<br \/>\nKleine Schwenkbraten vom Schwein | Kalbsh\u00fcftmedaillons [mit Kr\u00e4utern und Koriander<br \/>\nmariniert], Truthahnbrust mariniert | kleine Rindersteaks | Schweinefilet-Spie\u00df<br \/>\n\u2013 Fisch: mariniertes Lachsfilet | Tintenfischtuben mariniert dazu Sauce Aioli<br \/>\nGRILLBEILAGEN: Rosmarinkart\u00f6ffelchen mit Tzatziki | Grilltomaten und Gem\u00fcsespie\u00dfe<br \/>\n| Halloumi-Champignonspie\u00dfe | Kartoffel-Zucchinigratin<br \/>\nDESSERT: Moussevariation in Gl\u00e4sschen und T\u00e4sschen | Obstsalat mit Mandeln dazu<br \/>\nVanillesauce | K\u00e4sebrett mit verschiedenen Sorten, dazu Obst garniert<\/p>\n","protected":false},"featured_media":8024,"template":"","meta":{"site-sidebar-layout":"no-sidebar","site-content-layout":"default","ast-site-content-layout":"default","site-content-style":"default","site-sidebar-style":"default","ast-global-header-display":"","ast-banner-title-visibility":"","ast-main-header-display":"","ast-hfb-above-header-display":"","ast-hfb-below-header-display":"","ast-hfb-mobile-header-display":"","site-post-title":"disabled","ast-breadcrumbs-content":"","ast-featured-img":"disabled","footer-sml-layout":"","ast-disable-related-posts":"","theme-transparent-header-meta":"default","adv-header-id-meta":"","stick-header-meta":"default","header-above-stick-meta":"","header-main-stick-meta":"","header-below-stick-meta":"","astra-migrate-meta-layouts":"default","ast-page-background-enabled":"default","ast-page-background-meta":{"desktop":{"background-color":"","background-image":"","background-repeat":"repeat","background-position":"center center","background-size":"auto","background-attachment":"scroll","background-type":"","background-media":"","overlay-type":"","overlay-color":"","overlay-opacity":"","overlay-gradient":""},"tablet":{"background-color":"","background-image":"","background-repeat":"repeat","background-position":"center center","background-size":"auto","background-attachment":"scroll","background-type":"","background-media":"","overlay-type":"","overlay-color":"","overlay-opacity":"","overlay-gradient":""},"mobile":{"background-color":"","background-image":"","background-repeat":"repeat","background-position":"center center","background-size":"auto","background-attachment":"scroll","background-type":"","background-media":"","overlay-type":"","overlay-color":"","overlay-opacity":"","overlay-gradient":""}},"ast-content-background-meta":{"desktop":{"background-color":"var(--ast-global-color-5)","background-image":"","background-repeat":"repeat","background-position":"center center","background-size":"auto","background-attachment":"scroll","background-type":"","background-media":"","overlay-type":"","overlay-color":"","overlay-opacity":"","overlay-gradient":""},"tablet":{"background-color":"var(--ast-global-color-5)","background-image":"","background-repeat":"repeat","background-position":"center center","background-size":"auto","background-attachment":"scroll","background-type":"","background-media":"","overlay-type":"","overlay-color":"","overlay-opacity":"","overlay-gradient":""},"mobile":{"background-color":"var(--ast-global-color-5)","background-image":"","background-repeat":"repeat","background-position":"center center","background-size":"auto","background-attachment":"scroll","background-type":"","background-media":"","overlay-type":"","overlay-color":"","overlay-opacity":"","overlay-gradient":""}}},"product_brand":[],"product_cat":[51],"product_tag":[],"class_list":{"0":"post-9056","1":"product","2":"type-product","3":"status-publish","4":"has-post-thumbnail","6":"product_cat-katalog-buffets","7":"product_shipping_class-inklusive","8":"wcpa_has_options","9":"desktop-align-left","10":"tablet-align-left","11":"mobile-align-left","12":"ast-product-gallery-layout-horizontal-slider","13":"ast-product-gallery-with-no-image","14":"ast-magnify-disabled","15":"ast-product-single-variable","16":"ast-product-tabs-layout-horizontal","18":"first","19":"instock","20":"taxable","21":"shipping-taxable","22":"purchasable","23":"product-type-variable"},"wcpa_form_fields":{"rules":{"pric_overide_base_price":false,"pric_overide_base_price_if_gt_zero":false,"pric_overide_base_price_fully":false,"pric_cal_option_once":false,"pric_use_as_fee":true,"bind_quantity":false,"quantity_bind_formula":false},"fields":[{"type":"datetime-local","required":true,"elementId":"wcpa-datetime-local-601d1bfd16731","label":"Liefertermin mit Wunschzeit","placeholder":"W\u00e4hlen Sie Ihren Wunschtermin!","pricingType":"fixed","name":"datetime-local-601d1bfd16735","min_date":"None","max_date":"None","date_pic_conf":"{\n\"formatDate\":\"Y-m-d\",\n\"minDate\":\"+1970-01-05\",\n\"startDate\":\"+1970-01-05\",\n\"disabledDates\":[\"2023-04-16\",\"2023-04-23\",\"2023-12-26\",\"2023-12-24\",\"2023-12-25\"]\n}","enableCl":true,"cl_rule":"hide","operator":"and","col":6,"relations":[{"operator":false,"rules":[{"operator":"and","rules":{"cl_field":"wcpa-datetime-local-601d1bfd16731","cl_relation":"date_is","cl_val":""}},{"operator":"and","rules":{"cl_field":"wcpa-datetime-local-601d1bfd16731","cl_relation":"date_is","cl_val":""}},{"operator":false,"rules":{"cl_field":"wcpa-datetime-local-601d1bfd16731","cl_relation":"date_is","cl_val":""}}]}],"form_id":2838,"form_rules":{"pric_cal_option_once":false,"exclude_from_discount":false,"pric_use_as_fee":false,"fee_label":"Geb\u00fchr","render_after_acb":false,"disp_hide_options_price":false}},{"type":"checkbox-group","required":true,"elementId":"wcpa-checkbox-group-601a7d3d6fe20","label":"R\u00fcckgabe und Reinigung","description":"W\u00e4hlen Sie!","enablePrice":true,"priceOptions":"different_for_all","pricingType":"fixed","use_as_fee":true,"name":"checkbox-group-601a7d3d6fe24","other_text":"Other","enableCl":true,"cl_rule":"hide","cl_val":"60","col":6,"values":[{"label":"Leergut abholen","value":"Leergut abholen","price":"30","pimage":"","pimage_id":"","pthumb":""},{"label":"Leergut sp\u00fclen","value":"Leergut sp\u00fclen","price":"25","pimage":"","pimage_id":"","pthumb":""}],"relations":[{"operator":false,"rules":[{"operator":false,"rules":{"cl_field":"attribute","cl_relation":"pa_service","cl_val":"ohne-service"}}]}],"price":0,"form_id":2527,"form_rules":{"pric_cal_option_once":false,"exclude_from_discount":false,"pric_use_as_fee":false,"fee_label":"Geb\u00fchr","render_after_acb":false,"disp_hide_options_price":false}}]},"_links":{"self":[{"href":"https:\/\/shop.grunder-gourmet.de\/fr_fr\/wp-json\/wp\/v2\/product\/9056","targetHints":{"allow":["GET"]}}],"collection":[{"href":"https:\/\/shop.grunder-gourmet.de\/fr_fr\/wp-json\/wp\/v2\/product"}],"about":[{"href":"https:\/\/shop.grunder-gourmet.de\/fr_fr\/wp-json\/wp\/v2\/types\/product"}],"version-history":[{"count":1,"href":"https:\/\/shop.grunder-gourmet.de\/fr_fr\/wp-json\/wp\/v2\/product\/9056\/revisions"}],"predecessor-version":[{"id":9057,"href":"https:\/\/shop.grunder-gourmet.de\/fr_fr\/wp-json\/wp\/v2\/product\/9056\/revisions\/9057"}],"wp:featuredmedia":[{"embeddable":true,"href":"https:\/\/shop.grunder-gourmet.de\/fr_fr\/wp-json\/wp\/v2\/media\/8024"}],"wp:attachment":[{"href":"https:\/\/shop.grunder-gourmet.de\/fr_fr\/wp-json\/wp\/v2\/media?parent=9056"}],"wp:term":[{"taxonomy":"product_brand","embeddable":true,"href":"https:\/\/shop.grunder-gourmet.de\/fr_fr\/wp-json\/wp\/v2\/product_brand?post=9056"},{"taxonomy":"product_cat","embeddable":true,"href":"https:\/\/shop.grunder-gourmet.de\/fr_fr\/wp-json\/wp\/v2\/product_cat?post=9056"},{"taxonomy":"product_tag","embeddable":true,"href":"https:\/\/shop.grunder-gourmet.de\/fr_fr\/wp-json\/wp\/v2\/product_tag?post=9056"}],"curies":[{"name":"wp","href":"https:\/\/api.w.org\/{rel}","templated":true}]}}